{"id":4581,"date":"2024-05-12T16:00:56","date_gmt":"2024-05-12T14:00:56","guid":{"rendered":"https:\/\/organizer.se\/archive\/"},"modified":"2025-10-25T14:52:56","modified_gmt":"2025-10-25T12:52:56","slug":"archive","status":"publish","type":"page","link":"https:\/\/organizer.se\/fr\/archive\/","title":{"rendered":"Archive"},"content":{"rendered":"\t\t<div data-elementor-type=\"wp-page\" data-elementor-id=\"4581\" class=\"elementor elementor-4581 elementor-3276\" data-elementor-settings=\"{&quot;ha_cmc_init_switcher&quot;:&quot;no&quot;}\" data-elementor-post-type=\"page\">\n\t\t\t\t<div class=\"elementor-element elementor-element-660ecfa e-flex e-con-boxed e-con e-parent\" data-id=\"660ecfa\" data-element_type=\"container\" data-e-type=\"container\" data-settings=\"{&quot;background_background&quot;:&quot;gradient&quot;,&quot;_ha_eqh_enable&quot;:false}\">\n\t\t\t\t\t<div class=\"e-con-inner\">\n\t\t<div class=\"elementor-element elementor-element-29d0912 e-flex e-con-boxed e-con e-child\" data-id=\"29d0912\" data-element_type=\"container\" data-e-type=\"container\" data-settings=\"{&quot;_ha_eqh_enable&quot;:false}\">\n\t\t\t\t\t<div class=\"e-con-inner\">\n\t\t<div class=\"elementor-element elementor-element-66b8245 e-con-full e-flex e-con e-child\" data-id=\"66b8245\" data-element_type=\"container\" data-e-type=\"container\" data-settings=\"{&quot;_ha_eqh_enable&quot;:false}\">\n\t\t\t\t<div class=\"elementor-element elementor-element-7d3f906 elementor-widget__width-auto elementor-invisible elementor-widget elementor-widget-ha-page-title happy-addon ha-page-title\" data-id=\"7d3f906\" data-element_type=\"widget\" data-e-type=\"widget\" data-settings=\"{&quot;_animation&quot;:&quot;fadeIn&quot;,&quot;_animation_delay&quot;:250}\" data-widget_type=\"ha-page-title.default\">\n\t\t\t\t<div class=\"elementor-widget-container\">\n\t\t\t\t\t<h1 class=\"ha-page-title elementor-size-default\">Archive<\/h1>\t\t\t\t<\/div>\n\t\t\t\t<\/div>\n\t\t\t\t<\/div>\n\t\t\t\t\t<\/div>\n\t\t\t\t<\/div>\n\t\t\t\t\t<\/div>\n\t\t\t\t<\/div>\n\t\t<div class=\"elementor-element elementor-element-fe904b5 e-con-full e-flex e-con e-parent\" data-id=\"fe904b5\" data-element_type=\"container\" data-e-type=\"container\" data-settings=\"{&quot;_ha_eqh_enable&quot;:false}\">\n\t\t\t\t<div class=\"elementor-element elementor-element-b02a515 e-transform elementor-widget elementor-widget-text-editor\" data-id=\"b02a515\" data-element_type=\"widget\" data-e-type=\"widget\" data-settings=\"{&quot;_transform_translateY_effect&quot;:{&quot;unit&quot;:&quot;%&quot;,&quot;size&quot;:-50,&quot;sizes&quot;:[]},&quot;_transform_translateY_effect_tablet_extra&quot;:{&quot;unit&quot;:&quot;%&quot;,&quot;size&quot;:&quot;&quot;,&quot;sizes&quot;:[]},&quot;_transform_translateY_effect_tablet&quot;:{&quot;unit&quot;:&quot;%&quot;,&quot;size&quot;:&quot;&quot;,&quot;sizes&quot;:[]},&quot;_transform_translateY_effect_mobile&quot;:{&quot;unit&quot;:&quot;%&quot;,&quot;size&quot;:-20,&quot;sizes&quot;:[]},&quot;_transform_translateX_effect&quot;:{&quot;unit&quot;:&quot;px&quot;,&quot;size&quot;:&quot;&quot;,&quot;sizes&quot;:[]},&quot;_transform_translateX_effect_tablet_extra&quot;:{&quot;unit&quot;:&quot;px&quot;,&quot;size&quot;:&quot;&quot;,&quot;sizes&quot;:[]},&quot;_transform_translateX_effect_tablet&quot;:{&quot;unit&quot;:&quot;px&quot;,&quot;size&quot;:&quot;&quot;,&quot;sizes&quot;:[]},&quot;_transform_translateX_effect_mobile&quot;:{&quot;unit&quot;:&quot;px&quot;,&quot;size&quot;:&quot;&quot;,&quot;sizes&quot;:[]}}\" data-widget_type=\"text-editor.default\">\n\t\t\t\t<div class=\"elementor-widget-container\">\n\t\t\t\t\t\t\t\t\t<p>Comment savez-vous que vous disposez des informations les plus r\u00e9centes et correctes ? Si vous travaillez avec l&rsquo;Archive Organizer, vous avez toujours un mod\u00e8le de propri\u00e9t\u00e9 exact. <\/p>\t\t\t\t\t\t\t\t<\/div>\n\t\t\t\t<\/div>\n\t\t<div class=\"elementor-element elementor-element-0ca8f41 e-flex e-con-boxed e-con e-child\" data-id=\"0ca8f41\" data-element_type=\"container\" data-e-type=\"container\" data-settings=\"{&quot;_ha_eqh_enable&quot;:&quot;yes&quot;,&quot;_ha_eqh_to&quot;:&quot;widget&quot;,&quot;_ha_eqh_disable_on_tablet&quot;:&quot;no&quot;,&quot;_ha_eqh_disable_on_mobile&quot;:&quot;yes&quot;}\">\n\t\t\t\t\t<div class=\"e-con-inner\">\n\t\t<div class=\"elementor-element elementor-element-8de3f0f e-con-full e-flex e-con e-child\" data-id=\"8de3f0f\" data-element_type=\"container\" data-e-type=\"container\" data-settings=\"{&quot;animation&quot;:&quot;none&quot;,&quot;animation_mobile&quot;:&quot;none&quot;,&quot;_ha_eqh_enable&quot;:false}\">\n\t\t\t\t<div class=\"elementor-element elementor-element-f89f60f elementor-widget elementor-widget-image\" data-id=\"f89f60f\" data-element_type=\"widget\" data-e-type=\"widget\" data-widget_type=\"image.default\">\n\t\t\t\t<div class=\"elementor-widget-container\">\n\t\t\t\t\t\t\t\t\t\t\t\t\t\t\t<img fetchpriority=\"high\" decoding=\"async\" width=\"500\" height=\"500\" src=\"https:\/\/organizer.se\/wp-content\/uploads\/2024\/05\/Organizer-Projektsystem-Arkivets-Viktiga-Funktion.jpg\" class=\"attachment-full size-full wp-image-4577\" alt=\"Syst\u00e8me de Projet Organizer - La Fonction Importante de l&#039;Archive\" srcset=\"https:\/\/organizer.se\/wp-content\/uploads\/2024\/05\/Organizer-Projektsystem-Arkivets-Viktiga-Funktion.jpg 500w, https:\/\/organizer.se\/wp-content\/uploads\/2024\/05\/Organizer-Projektsystem-Arkivets-Viktiga-Funktion-300x300.jpg 300w, https:\/\/organizer.se\/wp-content\/uploads\/2024\/05\/Organizer-Projektsystem-Arkivets-Viktiga-Funktion-150x150.jpg 150w\" sizes=\"(max-width: 500px) 100vw, 500px\" \/>\t\t\t\t\t\t\t\t\t\t\t\t\t\t\t<\/div>\n\t\t\t\t<\/div>\n\t\t\t\t<\/div>\n\t\t<div class=\"elementor-element elementor-element-23ba7aa e-con-full e-flex e-con e-child\" data-id=\"23ba7aa\" data-element_type=\"container\" data-e-type=\"container\" data-settings=\"{&quot;animation&quot;:&quot;none&quot;,&quot;animation_mobile&quot;:&quot;none&quot;,&quot;_ha_eqh_enable&quot;:false}\">\n\t\t\t\t<div class=\"elementor-element elementor-element-405e3d3 elementor-widget elementor-widget-text-editor\" data-id=\"405e3d3\" data-element_type=\"widget\" data-e-type=\"widget\" data-widget_type=\"text-editor.default\">\n\t\t\t\t<div class=\"elementor-widget-container\">\n\t\t\t\t\t\t\t\t\tDans chaque projet de construction, l&rsquo;archive joue un r\u00f4le central dans la gestion et le suivi des changements. De la gestion \u00e0 la mise en \u0153uvre du projet et inversement. La fonction de l&rsquo;archive est cruciale pour assurer la continuit\u00e9 et l&rsquo;exactitude. Explorons comment l&rsquo;archive navigue en douceur \u00e0 travers les diff\u00e9rentes phases d&rsquo;un projet et pourquoi elle est une partie indispensable de tout processus de construction.   \t\t\t\t\t\t\t\t<\/div>\n\t\t\t\t<\/div>\n\t\t\t\t<\/div>\n\t\t\t\t\t<\/div>\n\t\t\t\t<\/div>\n\t\t<div class=\"elementor-element elementor-element-1c0dabd e-con-full e-flex e-con e-child\" data-id=\"1c0dabd\" data-element_type=\"container\" data-e-type=\"container\" data-settings=\"{&quot;background_background&quot;:&quot;classic&quot;,&quot;_ha_eqh_enable&quot;:false}\">\n\t\t<div class=\"elementor-element elementor-element-f5a954a e-flex e-con-boxed e-con e-child\" data-id=\"f5a954a\" data-element_type=\"container\" data-e-type=\"container\" data-settings=\"{&quot;_ha_eqh_enable&quot;:&quot;yes&quot;,&quot;_ha_eqh_to&quot;:&quot;widget&quot;,&quot;_ha_eqh_disable_on_tablet&quot;:&quot;no&quot;,&quot;_ha_eqh_disable_on_mobile&quot;:&quot;yes&quot;}\">\n\t\t\t\t\t<div class=\"e-con-inner\">\n\t\t<div class=\"elementor-element elementor-element-2fe80f8 e-con-full e-flex e-con e-child\" data-id=\"2fe80f8\" data-element_type=\"container\" data-e-type=\"container\" data-settings=\"{&quot;animation&quot;:&quot;none&quot;,&quot;animation_mobile&quot;:&quot;none&quot;,&quot;_ha_eqh_enable&quot;:false}\">\n\t\t\t\t<div class=\"elementor-element elementor-element-ae8dd4e elementor-widget elementor-widget-text-editor\" data-id=\"ae8dd4e\" data-element_type=\"widget\" data-e-type=\"widget\" data-settings=\"{&quot;_animation&quot;:&quot;none&quot;}\" data-widget_type=\"text-editor.default\">\n\t\t\t\t<div class=\"elementor-widget-container\">\n\t\t\t\t\t\t\t\t\t<p>L&rsquo;Archive d&rsquo;Organizer est une plateforme dynamique qui est continuellement mise \u00e0 jour pour refl\u00e9ter les petits et grands changements qui se produisent dans la propri\u00e9t\u00e9. Elle cr\u00e9e un mod\u00e8le de propri\u00e9t\u00e9 qui correspond exactement \u00e0 la structure r\u00e9elle. Ce mod\u00e8le constitue la pierre angulaire de chaque projet et est fourni en toute simplicit\u00e9 par l&rsquo;Archive. Il contient des d\u00e9molitions d\u00e9taill\u00e9es et visualise la nouvelle apparence de la propri\u00e9t\u00e9 ou des locaux, ce qui garantit que le projet reste conforme aux documents de contr\u00f4le \u00e9tablis (manuels BIM\/CAD).   <\/p>\t\t\t\t\t\t\t\t<\/div>\n\t\t\t\t<\/div>\n\t\t\t\t<\/div>\n\t\t<div class=\"elementor-element elementor-element-c777788 e-con-full e-flex e-con e-child\" data-id=\"c777788\" data-element_type=\"container\" data-e-type=\"container\" data-settings=\"{&quot;animation&quot;:&quot;none&quot;,&quot;animation_mobile&quot;:&quot;none&quot;,&quot;_ha_eqh_enable&quot;:false}\">\n\t\t\t\t<div class=\"elementor-element elementor-element-59485c6 elementor-widget elementor-widget-image\" data-id=\"59485c6\" data-element_type=\"widget\" data-e-type=\"widget\" data-widget_type=\"image.default\">\n\t\t\t\t<div class=\"elementor-widget-container\">\n\t\t\t\t\t\t\t\t\t\t\t\t\t\t\t<img decoding=\"async\" width=\"500\" height=\"500\" src=\"https:\/\/organizer.se\/wp-content\/uploads\/2024\/05\/Organizer-Projektsystem-Dynamiskt-Uppdaterade-Detaljer-Organizers-Arkiv-i-Fokus.jpg\" class=\"attachment-full size-full wp-image-4578\" alt=\"Syst\u00e8me de Projet Organizer - D\u00e9tails Mis \u00e0 Jour Dynamiquement L&#039;Archive Organizer en Vedette\" srcset=\"https:\/\/organizer.se\/wp-content\/uploads\/2024\/05\/Organizer-Projektsystem-Dynamiskt-Uppdaterade-Detaljer-Organizers-Arkiv-i-Fokus.jpg 500w, https:\/\/organizer.se\/wp-content\/uploads\/2024\/05\/Organizer-Projektsystem-Dynamiskt-Uppdaterade-Detaljer-Organizers-Arkiv-i-Fokus-300x300.jpg 300w, https:\/\/organizer.se\/wp-content\/uploads\/2024\/05\/Organizer-Projektsystem-Dynamiskt-Uppdaterade-Detaljer-Organizers-Arkiv-i-Fokus-150x150.jpg 150w\" sizes=\"(max-width: 500px) 100vw, 500px\" \/>\t\t\t\t\t\t\t\t\t\t\t\t\t\t\t<\/div>\n\t\t\t\t<\/div>\n\t\t\t\t<\/div>\n\t\t\t\t\t<\/div>\n\t\t\t\t<\/div>\n\t\t\t\t<\/div>\n\t\t<div class=\"elementor-element elementor-element-e28e7ef e-flex e-con-boxed e-con e-child\" data-id=\"e28e7ef\" data-element_type=\"container\" data-e-type=\"container\" data-settings=\"{&quot;_ha_eqh_enable&quot;:&quot;yes&quot;,&quot;_ha_eqh_to&quot;:&quot;widget&quot;,&quot;_ha_eqh_disable_on_tablet&quot;:&quot;no&quot;,&quot;_ha_eqh_disable_on_mobile&quot;:&quot;yes&quot;}\">\n\t\t\t\t\t<div class=\"e-con-inner\">\n\t\t<div class=\"elementor-element elementor-element-6c28f1a e-con-full e-flex e-con e-child\" data-id=\"6c28f1a\" data-element_type=\"container\" data-e-type=\"container\" data-settings=\"{&quot;animation&quot;:&quot;none&quot;,&quot;animation_mobile&quot;:&quot;none&quot;,&quot;_ha_eqh_enable&quot;:false}\">\n\t\t\t\t<div class=\"elementor-element elementor-element-b9d28a6 elementor-widget elementor-widget-image\" data-id=\"b9d28a6\" data-element_type=\"widget\" data-e-type=\"widget\" data-widget_type=\"image.default\">\n\t\t\t\t<div class=\"elementor-widget-container\">\n\t\t\t\t\t\t\t\t\t\t\t\t\t\t\t<img decoding=\"async\" width=\"500\" height=\"500\" src=\"https:\/\/organizer.se\/wp-content\/uploads\/2024\/05\/Organizer-Projektsystem-Sakerstalld-Tillganglighet-Organizers-Arkivs-Filhanteringscykel.jpg\" class=\"attachment-full size-full wp-image-4579\" alt=\"Syst\u00e8me de Projet Organizer - Accessibilit\u00e9 S\u00e9curis\u00e9e - Le Cycle de Gestion des Fichiers de l&#039;Archive Organizer\" srcset=\"https:\/\/organizer.se\/wp-content\/uploads\/2024\/05\/Organizer-Projektsystem-Sakerstalld-Tillganglighet-Organizers-Arkivs-Filhanteringscykel.jpg 500w, https:\/\/organizer.se\/wp-content\/uploads\/2024\/05\/Organizer-Projektsystem-Sakerstalld-Tillganglighet-Organizers-Arkivs-Filhanteringscykel-300x300.jpg 300w, https:\/\/organizer.se\/wp-content\/uploads\/2024\/05\/Organizer-Projektsystem-Sakerstalld-Tillganglighet-Organizers-Arkivs-Filhanteringscykel-150x150.jpg 150w\" sizes=\"(max-width: 500px) 100vw, 500px\" \/>\t\t\t\t\t\t\t\t\t\t\t\t\t\t\t<\/div>\n\t\t\t\t<\/div>\n\t\t\t\t<\/div>\n\t\t<div class=\"elementor-element elementor-element-fd39885 e-con-full e-flex e-con e-child\" data-id=\"fd39885\" data-element_type=\"container\" data-e-type=\"container\" data-settings=\"{&quot;animation&quot;:&quot;none&quot;,&quot;animation_mobile&quot;:&quot;none&quot;,&quot;_ha_eqh_enable&quot;:false}\">\n\t\t\t\t<div class=\"elementor-element elementor-element-d4edd72 elementor-widget elementor-widget-text-editor\" data-id=\"d4edd72\" data-element_type=\"widget\" data-e-type=\"widget\" data-settings=\"{&quot;_animation&quot;:&quot;none&quot;}\" data-widget_type=\"text-editor.default\">\n\t\t\t\t<div class=\"elementor-widget-container\">\n\t\t\t\t\t\t\t\t\t<p>Lorsqu&rsquo;un projet est termin\u00e9, les fichiers sont retourn\u00e9s \u00e0 l&rsquo;Archive, ce qui signifie qu&rsquo;ils ont parcouru l&rsquo;int\u00e9gralit\u00e9 du processus, de l&rsquo;Archive au Projet et de nouveau \u00e0 l&rsquo;Archive. Parall\u00e8lement, de nouveaux fichiers au format PDF sont cr\u00e9\u00e9s pour une manipulation plus facile. Ce processus circulaire garantit que notre archive de dessins est toujours \u00e0 jour, fiable et pr\u00eate \u00e0 \u00eatre utilis\u00e9e pour de futurs projets. Avec notre syst\u00e8me, vous pouvez \u00eatre s\u00fbr d&rsquo;avoir acc\u00e8s aux informations les plus r\u00e9centes et les plus pr\u00e9cises lorsque vous en avez besoin.   <\/p>\t\t\t\t\t\t\t\t<\/div>\n\t\t\t\t<\/div>\n\t\t\t\t<\/div>\n\t\t\t\t\t<\/div>\n\t\t\t\t<\/div>\n\t\t\t\t<\/div>\n\t\t<div class=\"elementor-element elementor-element-6090c21 e-flex e-con-boxed e-con e-parent\" data-id=\"6090c21\" data-element_type=\"container\" data-e-type=\"container\" data-settings=\"{&quot;_ha_eqh_enable&quot;:false}\">\n\t\t\t\t\t<div class=\"e-con-inner\">\n\t\t\t\t<div class=\"elementor-element elementor-element-525486c elementor-align-center elementor-widget elementor-widget-button\" data-id=\"525486c\" data-element_type=\"widget\" data-e-type=\"widget\" data-widget_type=\"button.default\">\n\t\t\t\t<div class=\"elementor-widget-container\">\n\t\t\t\t\t\t\t\t\t<div class=\"elementor-button-wrapper\">\n\t\t\t\t\t<a class=\"elementor-button elementor-button-link elementor-size-sm\" href=\"https:\/\/organizer.se\/fr\/contact\/\">\n\t\t\t\t\t\t<span class=\"elementor-button-content-wrapper\">\n\t\t\t\t\t\t<span class=\"elementor-button-icon\">\n\t\t\t\t<i aria-hidden=\"true\" class=\"fas fa-arrow-right\"><\/i>\t\t\t<\/span>\n\t\t\t\t\t\t\t\t\t<span class=\"elementor-button-text\"> Contactez-nous pour un devis.<\/span>\n\t\t\t\t\t<\/span>\n\t\t\t\t\t<\/a>\n\t\t\t\t<\/div>\n\t\t\t\t\t\t\t\t<\/div>\n\t\t\t\t<\/div>\n\t\t\t\t\t<\/div>\n\t\t\t\t<\/div>\n\t\t\t\t<\/div>\n\t\t","protected":false},"excerpt":{"rendered":"<p>Comment savez-vous que vous disposez des informations les plus r\u00e9centes et correctes ? Si vous travaillez avec l&rsquo;Archive Organizer, vous avez toujours un mod\u00e8le de propri\u00e9t\u00e9 exact. Dans chaque projet de construction, l&rsquo;archive joue un r\u00f4le central dans la gestion et le suivi des changements. De la gestion \u00e0 la mise en \u0153uvre du projet [&hellip;]<\/p>\n","protected":false},"author":2,"featured_media":4580,"parent":0,"menu_order":0,"comment_status":"closed","ping_status":"closed","template":"","meta":{"footnotes":""},"class_list":["post-4581","page","type-page","status-publish","has-post-thumbnail","hentry"],"yoast_head":"<!-- This site is optimized with the Yoast SEO plugin v27.4 - https:\/\/yoast.com\/product\/yoast-seo-wordpress\/ -->\n<title>Organizer | L&#039;Archive cr\u00e9e des mod\u00e8les de propri\u00e9t\u00e9 exacts.<\/title>\n<meta name=\"description\" content=\"Organizer Arkiv \u00e4r avg\u00f6rande f\u00f6r att hantera och f\u00f6lja f\u00f6r\u00e4ndringar. Dynamiska och exakta modeller ger dig den senaste och mest exakta informationen\" \/>\n<meta name=\"robots\" content=\"index, follow, max-snippet:-1, max-image-preview:large, max-video-preview:-1\" \/>\n<link rel=\"canonical\" href=\"https:\/\/organizer.se\/fr\/archive\/\" \/>\n<meta property=\"og:locale\" content=\"fr_FR\" \/>\n<meta property=\"og:type\" content=\"article\" \/>\n<meta property=\"og:title\" content=\"Organizer | L&#039;Archive cr\u00e9e des mod\u00e8les de propri\u00e9t\u00e9 exacts.\" \/>\n<meta property=\"og:description\" content=\"Comment savez-vous que vous disposez des informations les plus r\u00e9centes et correctes ? Si vous travaillez avec l&#039;Archive Organizer, vous avez toujours un mod\u00e8le de propri\u00e9t\u00e9 exact.\" \/>\n<meta property=\"og:url\" content=\"https:\/\/organizer.se\/fr\/archive\/\" \/>\n<meta property=\"og:site_name\" content=\"Organizer Projektsystem\" \/>\n<meta property=\"article:modified_time\" content=\"2025-10-25T12:52:56+00:00\" \/>\n<meta property=\"og:image\" content=\"https:\/\/organizer.se\/wp-content\/uploads\/2024\/05\/Organizer-ny-projekt-Skapa-fran-systemmall.png\" \/>\n\t<meta property=\"og:image:width\" content=\"2558\" \/>\n\t<meta property=\"og:image:height\" content=\"1259\" \/>\n\t<meta property=\"og:image:type\" content=\"image\/png\" \/>\n<meta name=\"twitter:card\" content=\"summary_large_image\" \/>\n<meta name=\"twitter:label1\" content=\"Dur\u00e9e de lecture estim\u00e9e\" \/>\n\t<meta name=\"twitter:data1\" content=\"1 minute\" \/>\n<script type=\"application\/ld+json\" class=\"yoast-schema-graph\">{\"@context\":\"https:\\\/\\\/schema.org\",\"@graph\":[{\"@type\":\"WebPage\",\"@id\":\"https:\\\/\\\/organizer.se\\\/fr\\\/archive\\\/\",\"url\":\"https:\\\/\\\/organizer.se\\\/fr\\\/archive\\\/\",\"name\":\"Organizer | L'Archive cr\u00e9e des mod\u00e8les de propri\u00e9t\u00e9 exacts.\",\"isPartOf\":{\"@id\":\"https:\\\/\\\/organizer.se\\\/fr\\\/#website\"},\"primaryImageOfPage\":{\"@id\":\"https:\\\/\\\/organizer.se\\\/fr\\\/archive\\\/#primaryimage\"},\"image\":{\"@id\":\"https:\\\/\\\/organizer.se\\\/fr\\\/archive\\\/#primaryimage\"},\"thumbnailUrl\":\"https:\\\/\\\/organizer.se\\\/wp-content\\\/uploads\\\/2024\\\/05\\\/Organizer-ny-projekt-Skapa-fran-systemmall.png\",\"datePublished\":\"2024-05-12T14:00:56+00:00\",\"dateModified\":\"2025-10-25T12:52:56+00:00\",\"description\":\"Organizer Arkiv \u00e4r avg\u00f6rande f\u00f6r att hantera och f\u00f6lja f\u00f6r\u00e4ndringar. Dynamiska och exakta modeller ger dig den senaste och mest exakta informationen\",\"breadcrumb\":{\"@id\":\"https:\\\/\\\/organizer.se\\\/fr\\\/archive\\\/#breadcrumb\"},\"inLanguage\":\"fr-FR\",\"potentialAction\":[{\"@type\":\"ReadAction\",\"target\":[\"https:\\\/\\\/organizer.se\\\/fr\\\/archive\\\/\"]}]},{\"@type\":\"ImageObject\",\"inLanguage\":\"fr-FR\",\"@id\":\"https:\\\/\\\/organizer.se\\\/fr\\\/archive\\\/#primaryimage\",\"url\":\"https:\\\/\\\/organizer.se\\\/wp-content\\\/uploads\\\/2024\\\/05\\\/Organizer-ny-projekt-Skapa-fran-systemmall.png\",\"contentUrl\":\"https:\\\/\\\/organizer.se\\\/wp-content\\\/uploads\\\/2024\\\/05\\\/Organizer-ny-projekt-Skapa-fran-systemmall.png\",\"width\":2558,\"height\":1259,\"caption\":\"Organizer-nouveau-projet-Cr\u00e9er-\u00e0-partir-du-mod\u00e8le-syst\u00e8me\"},{\"@type\":\"BreadcrumbList\",\"@id\":\"https:\\\/\\\/organizer.se\\\/fr\\\/archive\\\/#breadcrumb\",\"itemListElement\":[{\"@type\":\"ListItem\",\"position\":1,\"name\":\"Home\",\"item\":\"https:\\\/\\\/organizer.se\\\/fr\\\/maison\\\/\"},{\"@type\":\"ListItem\",\"position\":2,\"name\":\"Archive\"}]},{\"@type\":\"WebSite\",\"@id\":\"https:\\\/\\\/organizer.se\\\/fr\\\/#website\",\"url\":\"https:\\\/\\\/organizer.se\\\/fr\\\/\",\"name\":\"Organizer Projektsystem\",\"description\":\"\",\"publisher\":{\"@id\":\"https:\\\/\\\/organizer.se\\\/fr\\\/#organization\"},\"potentialAction\":[{\"@type\":\"SearchAction\",\"target\":{\"@type\":\"EntryPoint\",\"urlTemplate\":\"https:\\\/\\\/organizer.se\\\/fr\\\/?s={search_term_string}\"},\"query-input\":{\"@type\":\"PropertyValueSpecification\",\"valueRequired\":true,\"valueName\":\"search_term_string\"}}],\"inLanguage\":\"fr-FR\"},{\"@type\":\"Organization\",\"@id\":\"https:\\\/\\\/organizer.se\\\/fr\\\/#organization\",\"name\":\"Organizer Projektsystem\",\"url\":\"https:\\\/\\\/organizer.se\\\/fr\\\/\",\"logo\":{\"@type\":\"ImageObject\",\"inLanguage\":\"fr-FR\",\"@id\":\"https:\\\/\\\/organizer.se\\\/fr\\\/#\\\/schema\\\/logo\\\/image\\\/\",\"url\":\"https:\\\/\\\/organizer.se\\\/wp-content\\\/uploads\\\/2023\\\/11\\\/logo.png\",\"contentUrl\":\"https:\\\/\\\/organizer.se\\\/wp-content\\\/uploads\\\/2023\\\/11\\\/logo.png\",\"width\":760,\"height\":157,\"caption\":\"Organizer Projektsystem\"},\"image\":{\"@id\":\"https:\\\/\\\/organizer.se\\\/fr\\\/#\\\/schema\\\/logo\\\/image\\\/\"}}]}<\/script>\n<!-- \/ Yoast SEO plugin. -->","yoast_head_json":{"title":"Organizer | L'Archive cr\u00e9e des mod\u00e8les de propri\u00e9t\u00e9 exacts.","description":"Organizer Arkiv \u00e4r avg\u00f6rande f\u00f6r att hantera och f\u00f6lja f\u00f6r\u00e4ndringar. Dynamiska och exakta modeller ger dig den senaste och mest exakta informationen","robots":{"index":"index","follow":"follow","max-snippet":"max-snippet:-1","max-image-preview":"max-image-preview:large","max-video-preview":"max-video-preview:-1"},"canonical":"https:\/\/organizer.se\/fr\/archive\/","og_locale":"fr_FR","og_type":"article","og_title":"Organizer | L'Archive cr\u00e9e des mod\u00e8les de propri\u00e9t\u00e9 exacts.","og_description":"Comment savez-vous que vous disposez des informations les plus r\u00e9centes et correctes ? Si vous travaillez avec l'Archive Organizer, vous avez toujours un mod\u00e8le de propri\u00e9t\u00e9 exact.","og_url":"https:\/\/organizer.se\/fr\/archive\/","og_site_name":"Organizer Projektsystem","article_modified_time":"2025-10-25T12:52:56+00:00","og_image":[{"width":2558,"height":1259,"url":"https:\/\/organizer.se\/wp-content\/uploads\/2024\/05\/Organizer-ny-projekt-Skapa-fran-systemmall.png","type":"image\/png"}],"twitter_card":"summary_large_image","twitter_misc":{"Dur\u00e9e de lecture estim\u00e9e":"1 minute"},"schema":{"@context":"https:\/\/schema.org","@graph":[{"@type":"WebPage","@id":"https:\/\/organizer.se\/fr\/archive\/","url":"https:\/\/organizer.se\/fr\/archive\/","name":"Organizer | L'Archive cr\u00e9e des mod\u00e8les de propri\u00e9t\u00e9 exacts.","isPartOf":{"@id":"https:\/\/organizer.se\/fr\/#website"},"primaryImageOfPage":{"@id":"https:\/\/organizer.se\/fr\/archive\/#primaryimage"},"image":{"@id":"https:\/\/organizer.se\/fr\/archive\/#primaryimage"},"thumbnailUrl":"https:\/\/organizer.se\/wp-content\/uploads\/2024\/05\/Organizer-ny-projekt-Skapa-fran-systemmall.png","datePublished":"2024-05-12T14:00:56+00:00","dateModified":"2025-10-25T12:52:56+00:00","description":"Organizer Arkiv \u00e4r avg\u00f6rande f\u00f6r att hantera och f\u00f6lja f\u00f6r\u00e4ndringar. Dynamiska och exakta modeller ger dig den senaste och mest exakta informationen","breadcrumb":{"@id":"https:\/\/organizer.se\/fr\/archive\/#breadcrumb"},"inLanguage":"fr-FR","potentialAction":[{"@type":"ReadAction","target":["https:\/\/organizer.se\/fr\/archive\/"]}]},{"@type":"ImageObject","inLanguage":"fr-FR","@id":"https:\/\/organizer.se\/fr\/archive\/#primaryimage","url":"https:\/\/organizer.se\/wp-content\/uploads\/2024\/05\/Organizer-ny-projekt-Skapa-fran-systemmall.png","contentUrl":"https:\/\/organizer.se\/wp-content\/uploads\/2024\/05\/Organizer-ny-projekt-Skapa-fran-systemmall.png","width":2558,"height":1259,"caption":"Organizer-nouveau-projet-Cr\u00e9er-\u00e0-partir-du-mod\u00e8le-syst\u00e8me"},{"@type":"BreadcrumbList","@id":"https:\/\/organizer.se\/fr\/archive\/#breadcrumb","itemListElement":[{"@type":"ListItem","position":1,"name":"Home","item":"https:\/\/organizer.se\/fr\/maison\/"},{"@type":"ListItem","position":2,"name":"Archive"}]},{"@type":"WebSite","@id":"https:\/\/organizer.se\/fr\/#website","url":"https:\/\/organizer.se\/fr\/","name":"Organizer Projektsystem","description":"","publisher":{"@id":"https:\/\/organizer.se\/fr\/#organization"},"potentialAction":[{"@type":"SearchAction","target":{"@type":"EntryPoint","urlTemplate":"https:\/\/organizer.se\/fr\/?s={search_term_string}"},"query-input":{"@type":"PropertyValueSpecification","valueRequired":true,"valueName":"search_term_string"}}],"inLanguage":"fr-FR"},{"@type":"Organization","@id":"https:\/\/organizer.se\/fr\/#organization","name":"Organizer Projektsystem","url":"https:\/\/organizer.se\/fr\/","logo":{"@type":"ImageObject","inLanguage":"fr-FR","@id":"https:\/\/organizer.se\/fr\/#\/schema\/logo\/image\/","url":"https:\/\/organizer.se\/wp-content\/uploads\/2023\/11\/logo.png","contentUrl":"https:\/\/organizer.se\/wp-content\/uploads\/2023\/11\/logo.png","width":760,"height":157,"caption":"Organizer Projektsystem"},"image":{"@id":"https:\/\/organizer.se\/fr\/#\/schema\/logo\/image\/"}}]}},"_links":{"self":[{"href":"https:\/\/organizer.se\/fr\/wp-json\/wp\/v2\/pages\/4581","targetHints":{"allow":["GET"]}}],"collection":[{"href":"https:\/\/organizer.se\/fr\/wp-json\/wp\/v2\/pages"}],"about":[{"href":"https:\/\/organizer.se\/fr\/wp-json\/wp\/v2\/types\/page"}],"author":[{"embeddable":true,"href":"https:\/\/organizer.se\/fr\/wp-json\/wp\/v2\/users\/2"}],"replies":[{"embeddable":true,"href":"https:\/\/organizer.se\/fr\/wp-json\/wp\/v2\/comments?post=4581"}],"version-history":[{"count":3,"href":"https:\/\/organizer.se\/fr\/wp-json\/wp\/v2\/pages\/4581\/revisions"}],"predecessor-version":[{"id":4683,"href":"https:\/\/organizer.se\/fr\/wp-json\/wp\/v2\/pages\/4581\/revisions\/4683"}],"wp:featuredmedia":[{"embeddable":true,"href":"https:\/\/organizer.se\/fr\/wp-json\/wp\/v2\/media\/4580"}],"wp:attachment":[{"href":"https:\/\/organizer.se\/fr\/wp-json\/wp\/v2\/media?parent=4581"}],"curies":[{"name":"wp","href":"https:\/\/api.w.org\/{rel}","templated":true}]}}