{"id":4618,"date":"2024-03-01T08:00:45","date_gmt":"2024-03-01T07:00:45","guid":{"rendered":"https:\/\/organizer.se\/a-propos-des-cookies\/"},"modified":"2025-10-25T16:29:31","modified_gmt":"2025-10-25T14:29:31","slug":"a-propos-des-cookies","status":"publish","type":"page","link":"https:\/\/organizer.se\/fr\/a-propos-des-cookies\/","title":{"rendered":"\u00c0 Propos des Cookies"},"content":{"rendered":"\t\t<div data-elementor-type=\"wp-page\" data-elementor-id=\"4618\" class=\"elementor elementor-4618 elementor-3635\" data-elementor-settings=\"{&quot;ha_cmc_init_switcher&quot;:&quot;no&quot;}\" data-elementor-post-type=\"page\">\n\t\t\t\t<div class=\"elementor-element elementor-element-62e1300b e-flex e-con-boxed e-con e-parent\" data-id=\"62e1300b\" data-element_type=\"container\" data-e-type=\"container\" data-settings=\"{&quot;background_background&quot;:&quot;gradient&quot;,&quot;_ha_eqh_enable&quot;:false}\">\n\t\t\t\t\t<div class=\"e-con-inner\">\n\t\t<div class=\"elementor-element elementor-element-17778530 e-flex e-con-boxed e-con e-child\" data-id=\"17778530\" data-element_type=\"container\" data-e-type=\"container\" data-settings=\"{&quot;_ha_eqh_enable&quot;:false}\">\n\t\t\t\t\t<div class=\"e-con-inner\">\n\t\t<div class=\"elementor-element elementor-element-4ff43bb0 e-con-full e-flex e-con e-child\" data-id=\"4ff43bb0\" data-element_type=\"container\" data-e-type=\"container\" data-settings=\"{&quot;_ha_eqh_enable&quot;:false}\">\n\t\t\t\t<div class=\"elementor-element elementor-element-15da6922 elementor-widget__width-auto elementor-invisible elementor-widget elementor-widget-ha-page-title happy-addon ha-page-title\" data-id=\"15da6922\" data-element_type=\"widget\" data-e-type=\"widget\" data-settings=\"{&quot;_animation&quot;:&quot;fadeIn&quot;,&quot;_animation_delay&quot;:250}\" data-widget_type=\"ha-page-title.default\">\n\t\t\t\t<div class=\"elementor-widget-container\">\n\t\t\t\t\t<h1 class=\"ha-page-title elementor-size-default\">\u00c0 Propos des Cookies<\/h1>\t\t\t\t<\/div>\n\t\t\t\t<\/div>\n\t\t\t\t<\/div>\n\t\t\t\t\t<\/div>\n\t\t\t\t<\/div>\n\t\t\t\t\t<\/div>\n\t\t\t\t<\/div>\n\t\t<div class=\"elementor-element elementor-element-5605e93d e-con-full e-flex e-con e-parent\" data-id=\"5605e93d\" data-element_type=\"container\" data-e-type=\"container\" data-settings=\"{&quot;_ha_eqh_enable&quot;:false}\">\n\t\t\t\t<div class=\"elementor-element elementor-element-ca0906e e-transform elementor-widget elementor-widget-text-editor\" data-id=\"ca0906e\" data-element_type=\"widget\" data-e-type=\"widget\" data-settings=\"{&quot;_transform_translateY_effect&quot;:{&quot;unit&quot;:&quot;%&quot;,&quot;size&quot;:-50,&quot;sizes&quot;:[]},&quot;_transform_translateY_effect_tablet_extra&quot;:{&quot;unit&quot;:&quot;%&quot;,&quot;size&quot;:&quot;&quot;,&quot;sizes&quot;:[]},&quot;_transform_translateY_effect_tablet&quot;:{&quot;unit&quot;:&quot;%&quot;,&quot;size&quot;:&quot;&quot;,&quot;sizes&quot;:[]},&quot;_transform_translateY_effect_mobile&quot;:{&quot;unit&quot;:&quot;%&quot;,&quot;size&quot;:&quot;&quot;,&quot;sizes&quot;:[]},&quot;_transform_translateX_effect&quot;:{&quot;unit&quot;:&quot;px&quot;,&quot;size&quot;:&quot;&quot;,&quot;sizes&quot;:[]},&quot;_transform_translateX_effect_tablet_extra&quot;:{&quot;unit&quot;:&quot;px&quot;,&quot;size&quot;:&quot;&quot;,&quot;sizes&quot;:[]},&quot;_transform_translateX_effect_tablet&quot;:{&quot;unit&quot;:&quot;px&quot;,&quot;size&quot;:&quot;&quot;,&quot;sizes&quot;:[]},&quot;_transform_translateX_effect_mobile&quot;:{&quot;unit&quot;:&quot;px&quot;,&quot;size&quot;:&quot;&quot;,&quot;sizes&quot;:[]}}\" data-widget_type=\"text-editor.default\">\n\t\t\t\t<div class=\"elementor-widget-container\">\n\t\t\t\t\t\t\t\t\t<p>COMMENT ORGANIZER UTILISE LES COOKIES <\/p>\t\t\t\t\t\t\t\t<\/div>\n\t\t\t\t<\/div>\n\t\t<div class=\"elementor-element elementor-element-5debac91 e-flex e-con-boxed e-con e-child\" data-id=\"5debac91\" data-element_type=\"container\" data-e-type=\"container\" data-settings=\"{&quot;_ha_eqh_enable&quot;:&quot;yes&quot;,&quot;_ha_eqh_to&quot;:&quot;widget&quot;,&quot;_ha_eqh_disable_on_tablet&quot;:&quot;no&quot;,&quot;_ha_eqh_disable_on_mobile&quot;:&quot;yes&quot;}\">\n\t\t\t\t\t<div class=\"e-con-inner\">\n\t\t<div class=\"elementor-element elementor-element-437f3683 e-con-full e-flex elementor-invisible e-con e-child\" data-id=\"437f3683\" data-element_type=\"container\" data-e-type=\"container\" data-settings=\"{&quot;animation&quot;:&quot;fadeInRight&quot;,&quot;_ha_eqh_enable&quot;:false}\">\n\t\t\t\t<div class=\"elementor-element elementor-element-7ea441a elementor-widget elementor-widget-text-editor\" data-id=\"7ea441a\" data-element_type=\"widget\" data-e-type=\"widget\" data-widget_type=\"text-editor.default\">\n\t\t\t\t<div class=\"elementor-widget-container\">\n\t\t\t\t\t\t\t\t\t<h3>Cookies<\/h3><p>Les cookies sont de petits fichiers texte cr\u00e9\u00e9s par les sites web que vous visitez et envoy\u00e9s \u00e0 votre navigateur. Les cookies sont stock\u00e9s dans la m\u00e9moire de votre ordinateur si vous donnez votre consentement. ORGANIZER utilise des cookies pour suivre les pr\u00e9f\u00e9rences de pays et de langue. Nous n&rsquo;utilisons pas de cookies pour collecter des donn\u00e9es personnelles. Autrement, vous pouvez visiter toutes les sections de notre site web sans recevoir de cookies. Pour comprendre comment les visiteurs utilisent nos sites web, nous utilisons Google Analytics, un service d&rsquo;analyse web fourni par Google Inc. (\u00ab Google \u00bb). Les informations g\u00e9n\u00e9r\u00e9es sont g\u00e9n\u00e9ralement envoy\u00e9es et stock\u00e9es sur un serveur Google aux \u00c9tats-Unis. Au sein de l&rsquo;UE\/EEE, Google raccourcira votre adresse IP en utilisant l&rsquo;anonymisation IP. Cependant, elle ne sera raccourcie aux \u00c9tats-Unis que dans des circonstances exceptionnelles. L&rsquo;adresse IP envoy\u00e9e depuis votre navigateur dans le cadre de Google Analytics ne sera pas compil\u00e9e avec d&rsquo;autres donn\u00e9es de Google. Vous pouvez d\u00e9cider vous-m\u00eame d&rsquo;accepter ou non les cookies en modifiant les param\u00e8tres de votre navigateur. Vous pouvez \u00e9galement choisir de supprimer les cookies existants de votre ordinateur \u00e0 tout moment. Diff\u00e9rents navigateurs utilisent diff\u00e9rentes m\u00e9thodes pour d\u00e9sactiver les cookies ; consultez la fonction d&rsquo;aide de votre navigateur pour plus d&rsquo;informations.            <\/p><p><span style=\"color: #2248ba;\"><strong>QUE SONT LES COOKIES ET COMMENT FONCTIONNENT-ILS ?<\/strong><\/span><br>Les cookies sont de petits fichiers texte cr\u00e9\u00e9s par les sites web que vous visitez, qui sont envoy\u00e9s \u00e0 votre navigateur et enregistr\u00e9s sur votre ordinateur. Il existe deux types de cookies, tous deux utilis\u00e9s par les sites web exploit\u00e9s par ORGANIZER. Un cookie de session est stock\u00e9 temporairement sur votre appareil pendant que vous visitez notre site web. Ceux-ci sont supprim\u00e9s lorsque vous fermez votre navigateur ou apr\u00e8s une p\u00e9riode donn\u00e9e (\u00e0 la fin de la session). Les cookies non-session sont stock\u00e9s sur votre ordinateur pour permettre au site web de m\u00e9moriser des informations sur votre visite, telles que votre langue pr\u00e9f\u00e9r\u00e9e et d&rsquo;autres param\u00e8tres. Cela rend votre prochaine visite plus facile et le site web plus convivial.     <\/p><p><span style=\"color: #2248ba;\"><strong>COOKIES DE MARKETING<\/strong><\/span><br>Nous utilisons des cookies pour personnaliser le contenu et les publicit\u00e9s pour les utilisateurs et pour analyser notre trafic. Nous transmettons des donn\u00e9es concernant votre utilisation de notre site web aux soci\u00e9t\u00e9s de publicit\u00e9 et d&rsquo;analyse avec lesquelles nous collaborons. Ces entreprises peuvent, \u00e0 leur tour, combiner ces donn\u00e9es avec d&rsquo;autres donn\u00e9es que vous avez fournies ou qu&rsquo;elles ont collect\u00e9es lorsque vous avez utilis\u00e9 leurs services. Ces cookies ne r\u00e9v\u00e8lent aucune donn\u00e9e personnelle sur nos visiteurs, telles que les noms, les coordonn\u00e9es, les revenus, etc. En savoir plus sur les cookies utilis\u00e9s par Google ici.    <\/p><p><span style=\"color: #2248ba;\"><strong>GOOGLE ANALYTICS<\/strong><\/span><br>Nous utilisons les fonctionnalit\u00e9s de publicit\u00e9 de Google Analytics : Remarketing avec Google Analytics Afficher les rapports pour le R\u00e9seau Display de Google Services int\u00e9gr\u00e9s qui n\u00e9cessitent que Google Analytics collecte des donn\u00e9es \u00e0 des fins publicitaires via des cookies publicitaires et des identifiants anonymes.<\/p><p>Les donn\u00e9es g\u00e9n\u00e9r\u00e9es sont normalement envoy\u00e9es et stock\u00e9es sur un serveur Google aux \u00c9tats-Unis. Au sein de l&rsquo;UE\/EEE, Google raccourcira votre adresse IP en utilisant l&rsquo;anonymisation IP, m\u00eame si aux \u00c9tats-Unis, elle ne sera raccourcie que dans des circonstances exceptionnelles. L&rsquo;adresse IP envoy\u00e9e depuis votre navigateur dans le cadre de Google Analytics ne sera pas combin\u00e9e avec d&rsquo;autres donn\u00e9es de Google.  <\/p><p><span style=\"color: #2248ba;\"><strong>GOOGLE ADS<\/strong><\/span><br>Nous utilisons Google Ads et d&rsquo;autres plateformes pour faire de la publicit\u00e9 en ligne. Le code de remarketing utilise des cookies qui sont stock\u00e9s sur votre ordinateur pour afficher des publicit\u00e9s pertinentes pour vous en fonction des sections du site web que vous avez visit\u00e9es. En utilisant Google Ads, nous pouvons adapter notre marketing pour qu&rsquo;il soit plus pertinent pour vous en tant que visiteur de notre site web. Nous suivons les directives de Google pour la publicit\u00e9 personnalis\u00e9e, que vous pouvez consulter ici.   <\/p><p><span style=\"color: #2248ba;\"><strong>PIXEL FACEBOOK \/ PIXEL LINKEDIN<\/strong><\/span><br>Nous utilisons le Pixel Facebook et d&rsquo;autres plateformes pour faire de la publicit\u00e9 en ligne. Le code pixel utilise des cookies qui sont stock\u00e9s sur votre ordinateur pour afficher des publicit\u00e9s pertinentes pour vous en fonction des sections du site web que vous avez visit\u00e9es. En utilisant le Pixel Facebook ou le Pixel Linkedin, nous pouvons adapter notre marketing pour qu&rsquo;il soit plus pertinent pour vous en tant que visiteur de notre site web sur Facebook, Instagram et Linkedin. Nous suivons les directives de Facebook et de Linkedin pour la publicit\u00e9 personnalis\u00e9e,   <\/p><p><span style=\"color: #2248ba;\"><strong>COOKIES TIERS<\/strong><\/span><br>Le syst\u00e8me comprend \u00e9galement des cookies tiers. Nous n&rsquo;avons aucun contr\u00f4le sur ceux-ci ; en tant que visiteur de notre site web, vous devez contacter le tiers concern\u00e9 pour obtenir des informations sur ses cookies. Notre site web contient des services tiers qui peuvent cr\u00e9er des cookies provenant de : \u2022 YouTube &#8211; pour charger des vid\u00e9os, o\u00f9 le lecteur vid\u00e9o de YouTube peut cr\u00e9er des cookies (https:\/\/www.youtube.com\/)  <\/p><p><span style=\"color: #2248ba;\"><strong>COMMENT D\u00c9SACTIVER LES COOKIES ?<\/strong><\/span><br>Si vous ne souhaitez pas que des cookies soient stock\u00e9s sur votre appareil, vous pouvez d\u00e9sactiver la fonction dans les param\u00e8tres de votre navigateur. Vous pourrez toujours utiliser le service si vous bloquez les cookies, mais vous risquez de perdre \u00e0 la fois des fonctionnalit\u00e9s et une bonne exp\u00e9rience utilisateur. Vous pouvez \u00e9galement choisir de supprimer tous les cookies qui sont stock\u00e9s sur votre appareil. Diff\u00e9rents navigateurs utilisent diff\u00e9rentes m\u00e9thodes pour d\u00e9sactiver les cookies ; consultez la fonction d&rsquo;Aide de votre propre navigateur pour plus d&rsquo;informations. Si vous ne souhaitez pas que Google Analytics collecte des donn\u00e9es, vous pouvez l&#8217;emp\u00eacher en utilisant le module compl\u00e9mentaire de d\u00e9sactivation de Google Analytics (https:\/\/tools.google.com\/dlpage\/gaoptout\/).   <\/p><p><span style=\"color: #2248ba;\"><strong>AUTRES<\/strong><\/span><br>Un guide sur la publicit\u00e9 comportementale et la confidentialit\u00e9 en ligne est disponible sur www.youronlinechoices.eu.<\/p>\t\t\t\t\t\t\t\t<\/div>\n\t\t\t\t<\/div>\n\t\t\t\t<\/div>\n\t\t\t\t\t<\/div>\n\t\t\t\t<\/div>\n\t\t\t\t<\/div>\n\t\t\t\t<\/div>\n\t\t","protected":false},"excerpt":{"rendered":"<p>COMMENT ORGANIZER UTILISE LES COOKIES Cookies Les cookies sont de petits fichiers texte cr\u00e9\u00e9s par les sites web que vous visitez et envoy\u00e9s \u00e0 votre navigateur. Les cookies sont stock\u00e9s dans la m\u00e9moire de votre ordinateur si vous donnez votre consentement. ORGANIZER utilise des cookies pour suivre les pr\u00e9f\u00e9rences de pays et de langue. Nous [&hellip;]<\/p>\n","protected":false},"author":2,"featured_media":4594,"parent":0,"menu_order":0,"comment_status":"closed","ping_status":"closed","template":"","meta":{"footnotes":""},"class_list":["post-4618","page","type-page","status-publish","has-post-thumbnail","hentry"],"yoast_head":"<!-- This site is optimized with the Yoast SEO plugin v27.4 - https:\/\/yoast.com\/product\/yoast-seo-wordpress\/ -->\n<title>\u00c0 Propos des Cookies - Organizer Projektsystem<\/title>\n<meta name=\"robots\" content=\"index, nofollow, max-snippet:-1, max-image-preview:large, max-video-preview:-1\" \/>\n<link rel=\"canonical\" href=\"https:\/\/organizer.se\/fr\/a-propos-des-cookies\/\" \/>\n<meta property=\"og:locale\" content=\"fr_FR\" \/>\n<meta property=\"og:type\" content=\"article\" \/>\n<meta property=\"og:title\" content=\"\u00c0 Propos des Cookies - Organizer Projektsystem\" \/>\n<meta property=\"og:description\" content=\"COMMENT ORGANIZER UTILISE LES COOKIES Cookies Les cookies sont de petits fichiers texte cr\u00e9\u00e9s par les sites web que vous visitez et envoy\u00e9s \u00e0 votre navigateur. Les cookies sont stock\u00e9s dans la m\u00e9moire de votre ordinateur si vous donnez votre consentement. ORGANIZER utilise des cookies pour suivre les pr\u00e9f\u00e9rences de pays et de langue. Nous [&hellip;]\" \/>\n<meta property=\"og:url\" content=\"https:\/\/organizer.se\/fr\/a-propos-des-cookies\/\" \/>\n<meta property=\"og:site_name\" content=\"Organizer Projektsystem\" \/>\n<meta property=\"article:modified_time\" content=\"2025-10-25T14:29:31+00:00\" \/>\n<meta property=\"og:image\" content=\"https:\/\/organizer.se\/wp-content\/uploads\/2024\/01\/banner_build_archives.png\" \/>\n\t<meta property=\"og:image:width\" content=\"869\" \/>\n\t<meta property=\"og:image:height\" content=\"678\" \/>\n\t<meta property=\"og:image:type\" content=\"image\/png\" \/>\n<meta name=\"twitter:card\" content=\"summary_large_image\" \/>\n<meta name=\"twitter:label1\" content=\"Dur\u00e9e de lecture estim\u00e9e\" \/>\n\t<meta name=\"twitter:data1\" content=\"5 minutes\" \/>\n<script type=\"application\/ld+json\" class=\"yoast-schema-graph\">{\"@context\":\"https:\\\/\\\/schema.org\",\"@graph\":[{\"@type\":\"WebPage\",\"@id\":\"https:\\\/\\\/organizer.se\\\/fr\\\/a-propos-des-cookies\\\/\",\"url\":\"https:\\\/\\\/organizer.se\\\/fr\\\/a-propos-des-cookies\\\/\",\"name\":\"\u00c0 Propos des Cookies - Organizer Projektsystem\",\"isPartOf\":{\"@id\":\"https:\\\/\\\/organizer.se\\\/fr\\\/#website\"},\"primaryImageOfPage\":{\"@id\":\"https:\\\/\\\/organizer.se\\\/fr\\\/a-propos-des-cookies\\\/#primaryimage\"},\"image\":{\"@id\":\"https:\\\/\\\/organizer.se\\\/fr\\\/a-propos-des-cookies\\\/#primaryimage\"},\"thumbnailUrl\":\"https:\\\/\\\/organizer.se\\\/wp-content\\\/uploads\\\/2024\\\/01\\\/banner_build_archives.png\",\"datePublished\":\"2024-03-01T07:00:45+00:00\",\"dateModified\":\"2025-10-25T14:29:31+00:00\",\"breadcrumb\":{\"@id\":\"https:\\\/\\\/organizer.se\\\/fr\\\/a-propos-des-cookies\\\/#breadcrumb\"},\"inLanguage\":\"fr-FR\",\"potentialAction\":[{\"@type\":\"ReadAction\",\"target\":[\"https:\\\/\\\/organizer.se\\\/fr\\\/a-propos-des-cookies\\\/\"]}]},{\"@type\":\"ImageObject\",\"inLanguage\":\"fr-FR\",\"@id\":\"https:\\\/\\\/organizer.se\\\/fr\\\/a-propos-des-cookies\\\/#primaryimage\",\"url\":\"https:\\\/\\\/organizer.se\\\/wp-content\\\/uploads\\\/2024\\\/01\\\/banner_build_archives.png\",\"contentUrl\":\"https:\\\/\\\/organizer.se\\\/wp-content\\\/uploads\\\/2024\\\/01\\\/banner_build_archives.png\",\"width\":869,\"height\":678},{\"@type\":\"BreadcrumbList\",\"@id\":\"https:\\\/\\\/organizer.se\\\/fr\\\/a-propos-des-cookies\\\/#breadcrumb\",\"itemListElement\":[{\"@type\":\"ListItem\",\"position\":1,\"name\":\"Home\",\"item\":\"https:\\\/\\\/organizer.se\\\/fr\\\/maison\\\/\"},{\"@type\":\"ListItem\",\"position\":2,\"name\":\"\u00c0 Propos des Cookies\"}]},{\"@type\":\"WebSite\",\"@id\":\"https:\\\/\\\/organizer.se\\\/fr\\\/#website\",\"url\":\"https:\\\/\\\/organizer.se\\\/fr\\\/\",\"name\":\"Organizer Projektsystem\",\"description\":\"\",\"publisher\":{\"@id\":\"https:\\\/\\\/organizer.se\\\/fr\\\/#organization\"},\"potentialAction\":[{\"@type\":\"SearchAction\",\"target\":{\"@type\":\"EntryPoint\",\"urlTemplate\":\"https:\\\/\\\/organizer.se\\\/fr\\\/?s={search_term_string}\"},\"query-input\":{\"@type\":\"PropertyValueSpecification\",\"valueRequired\":true,\"valueName\":\"search_term_string\"}}],\"inLanguage\":\"fr-FR\"},{\"@type\":\"Organization\",\"@id\":\"https:\\\/\\\/organizer.se\\\/fr\\\/#organization\",\"name\":\"Organizer Projektsystem\",\"url\":\"https:\\\/\\\/organizer.se\\\/fr\\\/\",\"logo\":{\"@type\":\"ImageObject\",\"inLanguage\":\"fr-FR\",\"@id\":\"https:\\\/\\\/organizer.se\\\/fr\\\/#\\\/schema\\\/logo\\\/image\\\/\",\"url\":\"https:\\\/\\\/organizer.se\\\/wp-content\\\/uploads\\\/2023\\\/11\\\/logo.png\",\"contentUrl\":\"https:\\\/\\\/organizer.se\\\/wp-content\\\/uploads\\\/2023\\\/11\\\/logo.png\",\"width\":760,\"height\":157,\"caption\":\"Organizer Projektsystem\"},\"image\":{\"@id\":\"https:\\\/\\\/organizer.se\\\/fr\\\/#\\\/schema\\\/logo\\\/image\\\/\"}}]}<\/script>\n<!-- \/ Yoast SEO plugin. -->","yoast_head_json":{"title":"\u00c0 Propos des Cookies - Organizer Projektsystem","robots":{"index":"index","follow":"nofollow","max-snippet":"max-snippet:-1","max-image-preview":"max-image-preview:large","max-video-preview":"max-video-preview:-1"},"canonical":"https:\/\/organizer.se\/fr\/a-propos-des-cookies\/","og_locale":"fr_FR","og_type":"article","og_title":"\u00c0 Propos des Cookies - Organizer Projektsystem","og_description":"COMMENT ORGANIZER UTILISE LES COOKIES Cookies Les cookies sont de petits fichiers texte cr\u00e9\u00e9s par les sites web que vous visitez et envoy\u00e9s \u00e0 votre navigateur. Les cookies sont stock\u00e9s dans la m\u00e9moire de votre ordinateur si vous donnez votre consentement. ORGANIZER utilise des cookies pour suivre les pr\u00e9f\u00e9rences de pays et de langue. Nous [&hellip;]","og_url":"https:\/\/organizer.se\/fr\/a-propos-des-cookies\/","og_site_name":"Organizer Projektsystem","article_modified_time":"2025-10-25T14:29:31+00:00","og_image":[{"width":869,"height":678,"url":"https:\/\/organizer.se\/wp-content\/uploads\/2024\/01\/banner_build_archives.png","type":"image\/png"}],"twitter_card":"summary_large_image","twitter_misc":{"Dur\u00e9e de lecture estim\u00e9e":"5 minutes"},"schema":{"@context":"https:\/\/schema.org","@graph":[{"@type":"WebPage","@id":"https:\/\/organizer.se\/fr\/a-propos-des-cookies\/","url":"https:\/\/organizer.se\/fr\/a-propos-des-cookies\/","name":"\u00c0 Propos des Cookies - Organizer Projektsystem","isPartOf":{"@id":"https:\/\/organizer.se\/fr\/#website"},"primaryImageOfPage":{"@id":"https:\/\/organizer.se\/fr\/a-propos-des-cookies\/#primaryimage"},"image":{"@id":"https:\/\/organizer.se\/fr\/a-propos-des-cookies\/#primaryimage"},"thumbnailUrl":"https:\/\/organizer.se\/wp-content\/uploads\/2024\/01\/banner_build_archives.png","datePublished":"2024-03-01T07:00:45+00:00","dateModified":"2025-10-25T14:29:31+00:00","breadcrumb":{"@id":"https:\/\/organizer.se\/fr\/a-propos-des-cookies\/#breadcrumb"},"inLanguage":"fr-FR","potentialAction":[{"@type":"ReadAction","target":["https:\/\/organizer.se\/fr\/a-propos-des-cookies\/"]}]},{"@type":"ImageObject","inLanguage":"fr-FR","@id":"https:\/\/organizer.se\/fr\/a-propos-des-cookies\/#primaryimage","url":"https:\/\/organizer.se\/wp-content\/uploads\/2024\/01\/banner_build_archives.png","contentUrl":"https:\/\/organizer.se\/wp-content\/uploads\/2024\/01\/banner_build_archives.png","width":869,"height":678},{"@type":"BreadcrumbList","@id":"https:\/\/organizer.se\/fr\/a-propos-des-cookies\/#breadcrumb","itemListElement":[{"@type":"ListItem","position":1,"name":"Home","item":"https:\/\/organizer.se\/fr\/maison\/"},{"@type":"ListItem","position":2,"name":"\u00c0 Propos des Cookies"}]},{"@type":"WebSite","@id":"https:\/\/organizer.se\/fr\/#website","url":"https:\/\/organizer.se\/fr\/","name":"Organizer Projektsystem","description":"","publisher":{"@id":"https:\/\/organizer.se\/fr\/#organization"},"potentialAction":[{"@type":"SearchAction","target":{"@type":"EntryPoint","urlTemplate":"https:\/\/organizer.se\/fr\/?s={search_term_string}"},"query-input":{"@type":"PropertyValueSpecification","valueRequired":true,"valueName":"search_term_string"}}],"inLanguage":"fr-FR"},{"@type":"Organization","@id":"https:\/\/organizer.se\/fr\/#organization","name":"Organizer Projektsystem","url":"https:\/\/organizer.se\/fr\/","logo":{"@type":"ImageObject","inLanguage":"fr-FR","@id":"https:\/\/organizer.se\/fr\/#\/schema\/logo\/image\/","url":"https:\/\/organizer.se\/wp-content\/uploads\/2023\/11\/logo.png","contentUrl":"https:\/\/organizer.se\/wp-content\/uploads\/2023\/11\/logo.png","width":760,"height":157,"caption":"Organizer Projektsystem"},"image":{"@id":"https:\/\/organizer.se\/fr\/#\/schema\/logo\/image\/"}}]}},"_links":{"self":[{"href":"https:\/\/organizer.se\/fr\/wp-json\/wp\/v2\/pages\/4618","targetHints":{"allow":["GET"]}}],"collection":[{"href":"https:\/\/organizer.se\/fr\/wp-json\/wp\/v2\/pages"}],"about":[{"href":"https:\/\/organizer.se\/fr\/wp-json\/wp\/v2\/types\/page"}],"author":[{"embeddable":true,"href":"https:\/\/organizer.se\/fr\/wp-json\/wp\/v2\/users\/2"}],"replies":[{"embeddable":true,"href":"https:\/\/organizer.se\/fr\/wp-json\/wp\/v2\/comments?post=4618"}],"version-history":[{"count":5,"href":"https:\/\/organizer.se\/fr\/wp-json\/wp\/v2\/pages\/4618\/revisions"}],"predecessor-version":[{"id":4699,"href":"https:\/\/organizer.se\/fr\/wp-json\/wp\/v2\/pages\/4618\/revisions\/4699"}],"wp:featuredmedia":[{"embeddable":true,"href":"https:\/\/organizer.se\/fr\/wp-json\/wp\/v2\/media\/4594"}],"wp:attachment":[{"href":"https:\/\/organizer.se\/fr\/wp-json\/wp\/v2\/media?parent=4618"}],"curies":[{"name":"wp","href":"https:\/\/api.w.org\/{rel}","templated":true}]}}