{"id":4620,"date":"2024-08-27T18:45:10","date_gmt":"2024-08-27T16:45:10","guid":{"rendered":"https:\/\/organizer.se\/rgpd-reglement-general-sur-la-protection-des-donnees\/"},"modified":"2025-10-25T09:28:02","modified_gmt":"2025-10-25T07:28:02","slug":"rgpd-reglement-general-sur-la-protection-des-donnees","status":"publish","type":"page","link":"https:\/\/organizer.se\/fr\/rgpd-reglement-general-sur-la-protection-des-donnees\/","title":{"rendered":"RGPD"},"content":{"rendered":"\t\t<div data-elementor-type=\"wp-page\" data-elementor-id=\"4620\" class=\"elementor elementor-4620 elementor-3883\" data-elementor-settings=\"{&quot;ha_cmc_init_switcher&quot;:&quot;no&quot;}\" data-elementor-post-type=\"page\">\n\t\t\t\t<div class=\"elementor-element elementor-element-62e1300b e-flex e-con-boxed e-con e-parent\" data-id=\"62e1300b\" data-element_type=\"container\" data-e-type=\"container\" data-settings=\"{&quot;background_background&quot;:&quot;gradient&quot;,&quot;_ha_eqh_enable&quot;:false}\">\n\t\t\t\t\t<div class=\"e-con-inner\">\n\t\t<div class=\"elementor-element elementor-element-17778530 e-flex e-con-boxed e-con e-child\" data-id=\"17778530\" data-element_type=\"container\" data-e-type=\"container\" data-settings=\"{&quot;_ha_eqh_enable&quot;:false}\">\n\t\t\t\t\t<div class=\"e-con-inner\">\n\t\t<div class=\"elementor-element elementor-element-4ff43bb0 e-con-full e-flex e-con e-child\" data-id=\"4ff43bb0\" data-element_type=\"container\" data-e-type=\"container\" data-settings=\"{&quot;_ha_eqh_enable&quot;:false}\">\n\t\t\t\t<div class=\"elementor-element elementor-element-15da6922 elementor-widget__width-auto elementor-invisible elementor-widget elementor-widget-ha-page-title happy-addon ha-page-title\" data-id=\"15da6922\" data-element_type=\"widget\" data-e-type=\"widget\" data-settings=\"{&quot;_animation&quot;:&quot;fadeIn&quot;,&quot;_animation_delay&quot;:250}\" data-widget_type=\"ha-page-title.default\">\n\t\t\t\t<div class=\"elementor-widget-container\">\n\t\t\t\t\t<h1 class=\"ha-page-title elementor-size-default\">RGPD<\/h1>\t\t\t\t<\/div>\n\t\t\t\t<\/div>\n\t\t\t\t<\/div>\n\t\t\t\t\t<\/div>\n\t\t\t\t<\/div>\n\t\t\t\t\t<\/div>\n\t\t\t\t<\/div>\n\t\t<div class=\"elementor-element elementor-element-5605e93d e-con-full e-flex e-con e-parent\" data-id=\"5605e93d\" data-element_type=\"container\" data-e-type=\"container\" data-settings=\"{&quot;_ha_eqh_enable&quot;:false}\">\n\t\t<div class=\"elementor-element elementor-element-5debac91 e-flex e-con-boxed e-con e-child\" data-id=\"5debac91\" data-element_type=\"container\" data-e-type=\"container\" data-settings=\"{&quot;_ha_eqh_enable&quot;:&quot;yes&quot;,&quot;_ha_eqh_to&quot;:&quot;widget&quot;,&quot;_ha_eqh_disable_on_tablet&quot;:&quot;no&quot;,&quot;_ha_eqh_disable_on_mobile&quot;:&quot;yes&quot;}\">\n\t\t\t\t\t<div class=\"e-con-inner\">\n\t\t<div class=\"elementor-element elementor-element-437f3683 e-con-full e-flex elementor-invisible e-con e-child\" data-id=\"437f3683\" data-element_type=\"container\" data-e-type=\"container\" data-settings=\"{&quot;animation&quot;:&quot;fadeInRight&quot;,&quot;_ha_eqh_enable&quot;:false}\">\n\t\t\t\t<div class=\"elementor-element elementor-element-7ea441a elementor-widget elementor-widget-text-editor\" data-id=\"7ea441a\" data-element_type=\"widget\" data-e-type=\"widget\" data-widget_type=\"text-editor.default\">\n\t\t\t\t<div class=\"elementor-widget-container\">\n\t\t\t\t\t\t\t\t\t<p>Le RGPD signifie R\u00e8glement G\u00e9n\u00e9ral sur la Protection des Donn\u00e9es et est une nouvelle r\u00e9glementation sur la protection des donn\u00e9es de l&rsquo;UE qui entrera en vigueur dans tous les \u00c9tats membres de l&rsquo;UE \u00e0 partir du 25 mai 2018. Le RGPD vise \u00e0 renforcer les droits des individus sur la mani\u00e8re dont les entreprises, autorit\u00e9s et organisations peuvent collecter et utiliser leurs donn\u00e9es personnelles. Dans chaque \u00c9tat membre de l&rsquo;UE, il existe une autorit\u00e9 de contr\u00f4le qui s&rsquo;en chargera. En Su\u00e8de, cette autorit\u00e9 est appel\u00e9e Autorit\u00e9 Su\u00e9doise pour la Protection de la Vie Priv\u00e9e (anciennement l&rsquo;Autorit\u00e9 de Protection des Donn\u00e9es). De plus amples informations et de l&rsquo;aide que vous pouvez utiliser pour savoir ce que vous devez faire sont disponibles sur leur site web.    <span style=\"color: #274b71;\"><a style=\"color: #274b71;\" href=\"https:\/\/www.imy.se\/\">Autorit\u00e9 Su\u00e9doise pour la Protection de la Vie Priv\u00e9e<\/a><\/span><br><br><strong><span style=\"color: #37a6e8;\">Traitement des donn\u00e9es personnelles <\/span><\/strong><br>Le RGPD concerne principalement la protection des donn\u00e9es personnelles <span style=\"color: #274b71;\"><a style=\"color: #274b71;\" href=\"https:\/\/eur-lex.europa.eu\/legal-content\/SV\/TXT\/?uri=celex%3A32016R0679\">, et \u00e0 l&rsquo;Article 4 du R\u00e8glement sur la Protection des Donn\u00e9es<\/a><\/span> se trouvent les d\u00e9finitions importantes suivantes pour \u00ab\u00a0donn\u00e9es personnelles\u00a0\u00bb et \u00ab\u00a0traitement\u00a0\u00bb :<br><strong>donn\u00e9es personnelles :<\/strong> toute information se rapportant \u00e0 une personne physique identifi\u00e9e ou identifiable (ci-apr\u00e8s d\u00e9nomm\u00e9e \u00ab personne concern\u00e9e \u00bb) ; est r\u00e9put\u00e9e \u00eatre une \u00ab personne physique identifiable \u00bb une personne physique qui peut \u00eatre identifi\u00e9e, directement ou indirectement, notamment par r\u00e9f\u00e9rence \u00e0 un identifiant, tel qu&rsquo;un nom, un num\u00e9ro d&rsquo;identification, des donn\u00e9es de localisation, un identifiant en ligne, ou \u00e0 un ou plusieurs \u00e9l\u00e9ments sp\u00e9cifiques propres \u00e0 son identit\u00e9 physique, physiologique, g\u00e9n\u00e9tique, psychique, \u00e9conomique, culturelle ou sociale.<br><strong>traitement:<\/strong> toute op\u00e9ration ou ensemble d&rsquo;op\u00e9rations effectu\u00e9es ou non \u00e0 l&rsquo;aide de proc\u00e9d\u00e9s automatis\u00e9s et appliqu\u00e9es \u00e0 des donn\u00e9es ou des ensembles de donn\u00e9es \u00e0 caract\u00e8re personnel, telles que la collecte, l&rsquo;enregistrement, l&rsquo;organisation, la structuration, la conservation, l&rsquo;adaptation ou la modification, l&rsquo;extraction, la consultation, l&rsquo;utilisation, la communication par transmission, la diffusion ou toute autre forme de mise \u00e0 disposition, le rapprochement ou l&rsquo;interconnexion, la limitation, l&rsquo;effacement ou la destruction.<br><br><strong><span style=\"color: #37a6e8;\">Responsable du traitement et sous-traitant <\/span><\/strong><br>Le responsable du traitement est une personne physique ou morale, une autorit\u00e9 publique, une institution ou un autre organisme qui, seul ou conjointement avec d&rsquo;autres, d\u00e9termine les finalit\u00e9s et les moyens du traitement des donn\u00e9es \u00e0 caract\u00e8re personnel. Un sous-traitant est une personne physique ou morale, une autorit\u00e9 publique, une institution ou un autre organisme qui traite des donn\u00e9es \u00e0 caract\u00e8re personnel pour le compte du responsable du traitement.<br><br><span style=\"color: #37a6e8;\"><strong>Responsable et sous-traitant pour les donn\u00e9es dans <\/strong><\/span><br>Organizer Vous, en tant que client, \u00eates le responsable du traitement pour tout traitement de donn\u00e9es personnelles dans Organizer. Organizer i Sverige AB est le sous-traitant et prend des mesures de s\u00e9curit\u00e9 techniques et organisationnelles pour vous assurer que vous avez confiance que vos donn\u00e9es personnelles collect\u00e9es seront trait\u00e9es de mani\u00e8re s\u00e9curis\u00e9e et conform\u00e9ment \u00e0 la loi. Les mesures techniques et organisationnelles d&rsquo;Organizer i Sverige AB sont d\u00e9crites sous <span style=\"color: #274b71;\"><a style=\"color: #274b71;\" href=\"https:\/\/seventime.se\/integritet-sakerhet\/sakerhet\/\">S\u00e9curit\u00e9<\/a><\/span>.   <br><br><strong><span style=\"color: #37a6e8;\">Organizer i Sverige AB en tant que responsable du traitement <\/span><\/strong><br>Nous sommes le responsable du traitement pour tout traitement de donn\u00e9es personnelles vous concernant en tant que client ou utilisateur lorsque vous commandez Organizer ou nous contactez. Nous avons d\u00e9crit ce que nous faisons de vos donn\u00e9es personnelles dans notre Politique de <span style=\"color: #274b71;\"><a style=\"color: #274b71;\" href=\"https:\/\/seventime.se\/integritet-sakerhet\/integritetspolicy\">Confidentialit\u00e9<\/a>.<\/span> <br><br><strong><span style=\"color: #37a6e8;\">Bases l\u00e9gales Aupr\u00e8s de<\/span><\/strong><br><span style=\"color: #274b71;\"><a style=\"color: #274b71;\" href=\"https:\/\/www.imy.se\/\">l&rsquo;Autorit\u00e9 Su\u00e9doise pour la Protection<\/a><\/span>de la Vie Priv\u00e9e, vous pouvez lire les bases l\u00e9gales qui s&rsquo;appliquent au traitement des donn\u00e9es personnelles : Pour \u00eatre autoris\u00e9 \u00e0 traiter des donn\u00e9es personnelles, il doit toujours y avoir un fondement dans le R\u00e8glement sur la Protection des Donn\u00e9es, une soi-disant base l\u00e9gale. L&rsquo;une de ces bases l\u00e9gales est le consentement de la personne concern\u00e9e. D&rsquo;autres bases l\u00e9gales sont si le traitement des donn\u00e9es personnelles est n\u00e9cessaire pour ex\u00e9cuter un contrat avec la personne concern\u00e9e, remplir une obligation l\u00e9gale, prot\u00e9ger les int\u00e9r\u00eats fondamentaux de la personne concern\u00e9e, ex\u00e9cuter une mission d&rsquo;int\u00e9r\u00eat public, pour l&rsquo;exercice de l&rsquo;autorit\u00e9 publique, et apr\u00e8s une mise en balance des int\u00e9r\u00eats.  <br><br><strong><span style=\"color: #37a6e8;\">Base l\u00e9gale pour les donn\u00e9es dans les services d&rsquo;Organizer i Sverige AB<\/span><\/strong><br>En tant que responsable du traitement, vous devez d\u00e9terminer et documenter les bases l\u00e9gales qui existent pour le traitement des donn\u00e9es personnelles dans les services d&rsquo;Organizer i Sverige AB. Cela peut varier d&rsquo;un cas \u00e0 l&rsquo;autre en fonction de l&rsquo;entreprise, des lois que vous devez suivre et si vous collectez des donn\u00e9es requises ou qui pourraient \u00eatre utiles. <\/p><p> <\/p>\t\t\t\t\t\t\t\t<\/div>\n\t\t\t\t<\/div>\n\t\t\t\t<\/div>\n\t\t\t\t\t<\/div>\n\t\t\t\t<\/div>\n\t\t\t\t<\/div>\n\t\t\t\t<\/div>\n\t\t","protected":false},"excerpt":{"rendered":"<p>Le RGPD signifie R\u00e8glement G\u00e9n\u00e9ral sur la Protection des Donn\u00e9es et est une nouvelle r\u00e9glementation sur la protection des donn\u00e9es de l&rsquo;UE qui entrera en vigueur dans tous les \u00c9tats membres de l&rsquo;UE \u00e0 partir du 25 mai 2018. Le RGPD vise \u00e0 renforcer les droits des individus sur la mani\u00e8re dont les entreprises, autorit\u00e9s [&hellip;]<\/p>\n","protected":false},"author":2,"featured_media":4594,"parent":0,"menu_order":0,"comment_status":"closed","ping_status":"closed","template":"","meta":{"footnotes":""},"class_list":["post-4620","page","type-page","status-publish","has-post-thumbnail","hentry"],"yoast_head":"<!-- This site is optimized with the Yoast SEO plugin v27.4 - https:\/\/yoast.com\/product\/yoast-seo-wordpress\/ -->\n<title>RGPD - Organizer Projektsystem<\/title>\n<meta name=\"robots\" content=\"index, nofollow, max-snippet:-1, max-image-preview:large, max-video-preview:-1\" \/>\n<link rel=\"canonical\" href=\"https:\/\/organizer.se\/fr\/rgpd-reglement-general-sur-la-protection-des-donnees\/\" \/>\n<meta property=\"og:locale\" content=\"fr_FR\" \/>\n<meta property=\"og:type\" content=\"article\" \/>\n<meta property=\"og:title\" content=\"RGPD - Organizer Projektsystem\" \/>\n<meta property=\"og:description\" content=\"Le RGPD signifie R\u00e8glement G\u00e9n\u00e9ral sur la Protection des Donn\u00e9es et est une nouvelle r\u00e9glementation sur la protection des donn\u00e9es de l&rsquo;UE qui entrera en vigueur dans tous les \u00c9tats membres de l&rsquo;UE \u00e0 partir du 25 mai 2018. Le RGPD vise \u00e0 renforcer les droits des individus sur la mani\u00e8re dont les entreprises, autorit\u00e9s [&hellip;]\" \/>\n<meta property=\"og:url\" content=\"https:\/\/organizer.se\/fr\/rgpd-reglement-general-sur-la-protection-des-donnees\/\" \/>\n<meta property=\"og:site_name\" content=\"Organizer Projektsystem\" \/>\n<meta property=\"article:modified_time\" content=\"2025-10-25T07:28:02+00:00\" \/>\n<meta property=\"og:image\" content=\"https:\/\/organizer.se\/wp-content\/uploads\/2024\/01\/banner_build_archives.png\" \/>\n\t<meta property=\"og:image:width\" content=\"869\" \/>\n\t<meta property=\"og:image:height\" content=\"678\" \/>\n\t<meta property=\"og:image:type\" content=\"image\/png\" \/>\n<meta name=\"twitter:card\" content=\"summary_large_image\" \/>\n<meta name=\"twitter:label1\" content=\"Dur\u00e9e de lecture estim\u00e9e\" \/>\n\t<meta name=\"twitter:data1\" content=\"4 minutes\" \/>\n<script type=\"application\/ld+json\" class=\"yoast-schema-graph\">{\"@context\":\"https:\\\/\\\/schema.org\",\"@graph\":[{\"@type\":\"WebPage\",\"@id\":\"https:\\\/\\\/organizer.se\\\/fr\\\/rgpd-reglement-general-sur-la-protection-des-donnees\\\/\",\"url\":\"https:\\\/\\\/organizer.se\\\/fr\\\/rgpd-reglement-general-sur-la-protection-des-donnees\\\/\",\"name\":\"RGPD - Organizer Projektsystem\",\"isPartOf\":{\"@id\":\"https:\\\/\\\/organizer.se\\\/fr\\\/#website\"},\"primaryImageOfPage\":{\"@id\":\"https:\\\/\\\/organizer.se\\\/fr\\\/rgpd-reglement-general-sur-la-protection-des-donnees\\\/#primaryimage\"},\"image\":{\"@id\":\"https:\\\/\\\/organizer.se\\\/fr\\\/rgpd-reglement-general-sur-la-protection-des-donnees\\\/#primaryimage\"},\"thumbnailUrl\":\"https:\\\/\\\/organizer.se\\\/wp-content\\\/uploads\\\/2024\\\/01\\\/banner_build_archives.png\",\"datePublished\":\"2024-08-27T16:45:10+00:00\",\"dateModified\":\"2025-10-25T07:28:02+00:00\",\"breadcrumb\":{\"@id\":\"https:\\\/\\\/organizer.se\\\/fr\\\/rgpd-reglement-general-sur-la-protection-des-donnees\\\/#breadcrumb\"},\"inLanguage\":\"fr-FR\",\"potentialAction\":[{\"@type\":\"ReadAction\",\"target\":[\"https:\\\/\\\/organizer.se\\\/fr\\\/rgpd-reglement-general-sur-la-protection-des-donnees\\\/\"]}]},{\"@type\":\"ImageObject\",\"inLanguage\":\"fr-FR\",\"@id\":\"https:\\\/\\\/organizer.se\\\/fr\\\/rgpd-reglement-general-sur-la-protection-des-donnees\\\/#primaryimage\",\"url\":\"https:\\\/\\\/organizer.se\\\/wp-content\\\/uploads\\\/2024\\\/01\\\/banner_build_archives.png\",\"contentUrl\":\"https:\\\/\\\/organizer.se\\\/wp-content\\\/uploads\\\/2024\\\/01\\\/banner_build_archives.png\",\"width\":869,\"height\":678},{\"@type\":\"BreadcrumbList\",\"@id\":\"https:\\\/\\\/organizer.se\\\/fr\\\/rgpd-reglement-general-sur-la-protection-des-donnees\\\/#breadcrumb\",\"itemListElement\":[{\"@type\":\"ListItem\",\"position\":1,\"name\":\"Home\",\"item\":\"https:\\\/\\\/organizer.se\\\/fr\\\/maison\\\/\"},{\"@type\":\"ListItem\",\"position\":2,\"name\":\"RGPD\"}]},{\"@type\":\"WebSite\",\"@id\":\"https:\\\/\\\/organizer.se\\\/fr\\\/#website\",\"url\":\"https:\\\/\\\/organizer.se\\\/fr\\\/\",\"name\":\"Organizer Projektsystem\",\"description\":\"\",\"publisher\":{\"@id\":\"https:\\\/\\\/organizer.se\\\/fr\\\/#organization\"},\"potentialAction\":[{\"@type\":\"SearchAction\",\"target\":{\"@type\":\"EntryPoint\",\"urlTemplate\":\"https:\\\/\\\/organizer.se\\\/fr\\\/?s={search_term_string}\"},\"query-input\":{\"@type\":\"PropertyValueSpecification\",\"valueRequired\":true,\"valueName\":\"search_term_string\"}}],\"inLanguage\":\"fr-FR\"},{\"@type\":\"Organization\",\"@id\":\"https:\\\/\\\/organizer.se\\\/fr\\\/#organization\",\"name\":\"Organizer Projektsystem\",\"url\":\"https:\\\/\\\/organizer.se\\\/fr\\\/\",\"logo\":{\"@type\":\"ImageObject\",\"inLanguage\":\"fr-FR\",\"@id\":\"https:\\\/\\\/organizer.se\\\/fr\\\/#\\\/schema\\\/logo\\\/image\\\/\",\"url\":\"https:\\\/\\\/organizer.se\\\/wp-content\\\/uploads\\\/2023\\\/11\\\/logo.png\",\"contentUrl\":\"https:\\\/\\\/organizer.se\\\/wp-content\\\/uploads\\\/2023\\\/11\\\/logo.png\",\"width\":760,\"height\":157,\"caption\":\"Organizer Projektsystem\"},\"image\":{\"@id\":\"https:\\\/\\\/organizer.se\\\/fr\\\/#\\\/schema\\\/logo\\\/image\\\/\"}}]}<\/script>\n<!-- \/ Yoast SEO plugin. -->","yoast_head_json":{"title":"RGPD - Organizer Projektsystem","robots":{"index":"index","follow":"nofollow","max-snippet":"max-snippet:-1","max-image-preview":"max-image-preview:large","max-video-preview":"max-video-preview:-1"},"canonical":"https:\/\/organizer.se\/fr\/rgpd-reglement-general-sur-la-protection-des-donnees\/","og_locale":"fr_FR","og_type":"article","og_title":"RGPD - Organizer Projektsystem","og_description":"Le RGPD signifie R\u00e8glement G\u00e9n\u00e9ral sur la Protection des Donn\u00e9es et est une nouvelle r\u00e9glementation sur la protection des donn\u00e9es de l&rsquo;UE qui entrera en vigueur dans tous les \u00c9tats membres de l&rsquo;UE \u00e0 partir du 25 mai 2018. Le RGPD vise \u00e0 renforcer les droits des individus sur la mani\u00e8re dont les entreprises, autorit\u00e9s [&hellip;]","og_url":"https:\/\/organizer.se\/fr\/rgpd-reglement-general-sur-la-protection-des-donnees\/","og_site_name":"Organizer Projektsystem","article_modified_time":"2025-10-25T07:28:02+00:00","og_image":[{"width":869,"height":678,"url":"https:\/\/organizer.se\/wp-content\/uploads\/2024\/01\/banner_build_archives.png","type":"image\/png"}],"twitter_card":"summary_large_image","twitter_misc":{"Dur\u00e9e de lecture estim\u00e9e":"4 minutes"},"schema":{"@context":"https:\/\/schema.org","@graph":[{"@type":"WebPage","@id":"https:\/\/organizer.se\/fr\/rgpd-reglement-general-sur-la-protection-des-donnees\/","url":"https:\/\/organizer.se\/fr\/rgpd-reglement-general-sur-la-protection-des-donnees\/","name":"RGPD - Organizer Projektsystem","isPartOf":{"@id":"https:\/\/organizer.se\/fr\/#website"},"primaryImageOfPage":{"@id":"https:\/\/organizer.se\/fr\/rgpd-reglement-general-sur-la-protection-des-donnees\/#primaryimage"},"image":{"@id":"https:\/\/organizer.se\/fr\/rgpd-reglement-general-sur-la-protection-des-donnees\/#primaryimage"},"thumbnailUrl":"https:\/\/organizer.se\/wp-content\/uploads\/2024\/01\/banner_build_archives.png","datePublished":"2024-08-27T16:45:10+00:00","dateModified":"2025-10-25T07:28:02+00:00","breadcrumb":{"@id":"https:\/\/organizer.se\/fr\/rgpd-reglement-general-sur-la-protection-des-donnees\/#breadcrumb"},"inLanguage":"fr-FR","potentialAction":[{"@type":"ReadAction","target":["https:\/\/organizer.se\/fr\/rgpd-reglement-general-sur-la-protection-des-donnees\/"]}]},{"@type":"ImageObject","inLanguage":"fr-FR","@id":"https:\/\/organizer.se\/fr\/rgpd-reglement-general-sur-la-protection-des-donnees\/#primaryimage","url":"https:\/\/organizer.se\/wp-content\/uploads\/2024\/01\/banner_build_archives.png","contentUrl":"https:\/\/organizer.se\/wp-content\/uploads\/2024\/01\/banner_build_archives.png","width":869,"height":678},{"@type":"BreadcrumbList","@id":"https:\/\/organizer.se\/fr\/rgpd-reglement-general-sur-la-protection-des-donnees\/#breadcrumb","itemListElement":[{"@type":"ListItem","position":1,"name":"Home","item":"https:\/\/organizer.se\/fr\/maison\/"},{"@type":"ListItem","position":2,"name":"RGPD"}]},{"@type":"WebSite","@id":"https:\/\/organizer.se\/fr\/#website","url":"https:\/\/organizer.se\/fr\/","name":"Organizer Projektsystem","description":"","publisher":{"@id":"https:\/\/organizer.se\/fr\/#organization"},"potentialAction":[{"@type":"SearchAction","target":{"@type":"EntryPoint","urlTemplate":"https:\/\/organizer.se\/fr\/?s={search_term_string}"},"query-input":{"@type":"PropertyValueSpecification","valueRequired":true,"valueName":"search_term_string"}}],"inLanguage":"fr-FR"},{"@type":"Organization","@id":"https:\/\/organizer.se\/fr\/#organization","name":"Organizer Projektsystem","url":"https:\/\/organizer.se\/fr\/","logo":{"@type":"ImageObject","inLanguage":"fr-FR","@id":"https:\/\/organizer.se\/fr\/#\/schema\/logo\/image\/","url":"https:\/\/organizer.se\/wp-content\/uploads\/2023\/11\/logo.png","contentUrl":"https:\/\/organizer.se\/wp-content\/uploads\/2023\/11\/logo.png","width":760,"height":157,"caption":"Organizer Projektsystem"},"image":{"@id":"https:\/\/organizer.se\/fr\/#\/schema\/logo\/image\/"}}]}},"_links":{"self":[{"href":"https:\/\/organizer.se\/fr\/wp-json\/wp\/v2\/pages\/4620","targetHints":{"allow":["GET"]}}],"collection":[{"href":"https:\/\/organizer.se\/fr\/wp-json\/wp\/v2\/pages"}],"about":[{"href":"https:\/\/organizer.se\/fr\/wp-json\/wp\/v2\/types\/page"}],"author":[{"embeddable":true,"href":"https:\/\/organizer.se\/fr\/wp-json\/wp\/v2\/users\/2"}],"replies":[{"embeddable":true,"href":"https:\/\/organizer.se\/fr\/wp-json\/wp\/v2\/comments?post=4620"}],"version-history":[{"count":5,"href":"https:\/\/organizer.se\/fr\/wp-json\/wp\/v2\/pages\/4620\/revisions"}],"predecessor-version":[{"id":4656,"href":"https:\/\/organizer.se\/fr\/wp-json\/wp\/v2\/pages\/4620\/revisions\/4656"}],"wp:featuredmedia":[{"embeddable":true,"href":"https:\/\/organizer.se\/fr\/wp-json\/wp\/v2\/media\/4594"}],"wp:attachment":[{"href":"https:\/\/organizer.se\/fr\/wp-json\/wp\/v2\/media?parent=4620"}],"curies":[{"name":"wp","href":"https:\/\/api.w.org\/{rel}","templated":true}]}}