{"id":4634,"date":"2024-08-27T18:43:15","date_gmt":"2024-08-27T16:43:15","guid":{"rendered":"https:\/\/organizer.se\/gestion-des-incidents\/"},"modified":"2025-10-25T08:33:08","modified_gmt":"2025-10-25T06:33:08","slug":"gestion-des-incidents","status":"publish","type":"page","link":"https:\/\/organizer.se\/fr\/gestion-des-incidents\/","title":{"rendered":"Gestion des Incidents"},"content":{"rendered":"\t\t<div data-elementor-type=\"wp-page\" data-elementor-id=\"4634\" class=\"elementor elementor-4634 elementor-3878\" data-elementor-settings=\"{&quot;ha_cmc_init_switcher&quot;:&quot;no&quot;}\" data-elementor-post-type=\"page\">\n\t\t\t\t<div class=\"elementor-element elementor-element-62e1300b e-flex e-con-boxed e-con e-parent\" data-id=\"62e1300b\" data-element_type=\"container\" data-e-type=\"container\" data-settings=\"{&quot;background_background&quot;:&quot;gradient&quot;,&quot;_ha_eqh_enable&quot;:false}\">\n\t\t\t\t\t<div class=\"e-con-inner\">\n\t\t<div class=\"elementor-element elementor-element-17778530 e-flex e-con-boxed e-con e-child\" data-id=\"17778530\" data-element_type=\"container\" data-e-type=\"container\" data-settings=\"{&quot;_ha_eqh_enable&quot;:false}\">\n\t\t\t\t\t<div class=\"e-con-inner\">\n\t\t<div class=\"elementor-element elementor-element-4ff43bb0 e-con-full e-flex e-con e-child\" data-id=\"4ff43bb0\" data-element_type=\"container\" data-e-type=\"container\" data-settings=\"{&quot;_ha_eqh_enable&quot;:false}\">\n\t\t\t\t<div class=\"elementor-element elementor-element-15da6922 elementor-widget__width-auto elementor-invisible elementor-widget elementor-widget-ha-page-title happy-addon ha-page-title\" data-id=\"15da6922\" data-element_type=\"widget\" data-e-type=\"widget\" data-settings=\"{&quot;_animation&quot;:&quot;fadeIn&quot;,&quot;_animation_delay&quot;:250}\" data-widget_type=\"ha-page-title.default\">\n\t\t\t\t<div class=\"elementor-widget-container\">\n\t\t\t\t\t<h1 class=\"ha-page-title elementor-size-default\">Gestion des Incidents<\/h1>\t\t\t\t<\/div>\n\t\t\t\t<\/div>\n\t\t\t\t<\/div>\n\t\t\t\t\t<\/div>\n\t\t\t\t<\/div>\n\t\t\t\t\t<\/div>\n\t\t\t\t<\/div>\n\t\t<div class=\"elementor-element elementor-element-5605e93d e-con-full e-flex e-con e-parent\" data-id=\"5605e93d\" data-element_type=\"container\" data-e-type=\"container\" data-settings=\"{&quot;_ha_eqh_enable&quot;:false}\">\n\t\t<div class=\"elementor-element elementor-element-5debac91 e-flex e-con-boxed e-con e-child\" data-id=\"5debac91\" data-element_type=\"container\" data-e-type=\"container\" data-settings=\"{&quot;_ha_eqh_enable&quot;:&quot;yes&quot;,&quot;_ha_eqh_to&quot;:&quot;widget&quot;,&quot;_ha_eqh_disable_on_tablet&quot;:&quot;no&quot;,&quot;_ha_eqh_disable_on_mobile&quot;:&quot;yes&quot;}\">\n\t\t\t\t\t<div class=\"e-con-inner\">\n\t\t<div class=\"elementor-element elementor-element-437f3683 e-con-full e-flex elementor-invisible e-con e-child\" data-id=\"437f3683\" data-element_type=\"container\" data-e-type=\"container\" data-settings=\"{&quot;animation&quot;:&quot;fadeInRight&quot;,&quot;_ha_eqh_enable&quot;:false}\">\n\t\t\t\t<div class=\"elementor-element elementor-element-7ea441a elementor-widget elementor-widget-text-editor\" data-id=\"7ea441a\" data-element_type=\"widget\" data-e-type=\"widget\" data-widget_type=\"text-editor.default\">\n\t\t\t\t<div class=\"elementor-widget-container\">\n\t\t\t\t\t\t\t\t\t<p>Si un incident li\u00e9 au logiciel se produit, il peut entra\u00eener une violation de donn\u00e9es personnelles. Un probl\u00e8me dans Organizer qui g\u00e9n\u00e8re des donn\u00e9es incorrectes ou manquantes est cat\u00e9goris\u00e9 comme un incident li\u00e9 au logiciel. Si ces donn\u00e9es contiennent des informations personnelles, cela devient \u00e9galement une violation de donn\u00e9es personnelles. Une violation de donn\u00e9es personnelles peut \u00e9galement se produire si un incident de s\u00e9curit\u00e9 conduit \u00e0 la divulgation non autoris\u00e9e ou \u00e0 l&rsquo;acc\u00e8s non autoris\u00e9 aux donn\u00e9es personnelles trait\u00e9es.   <\/p><p><span style=\"color: #37a6e8;\"><strong>Processus d&rsquo;Incident<\/strong><\/span><br>Le processus est divis\u00e9 en sous-processus d&rsquo;identification de l&rsquo;incident, analyse des cons\u00e9quences, processus d&rsquo;action, communication et analyse de la cause racine (RCA). Lors de l&rsquo;identification de l&rsquo;incident, le type d&rsquo;incident en question est identifi\u00e9. Dans le sous-processus d&rsquo;Analyse des Cons\u00e9quences, une analyse est effectu\u00e9e sur la mesure dans laquelle les clients et les utilisateurs sont affect\u00e9s par l&rsquo;incident et quelles en seront les cons\u00e9quences. Dans le Processus d&rsquo;Action, le probl\u00e8me est \u00e9valu\u00e9 et hi\u00e9rarchis\u00e9 pour assurer un plan d&rsquo;action et la mise en \u0153uvre de l&rsquo;action.<br>En cas de violation de donn\u00e9es personnelles, l&rsquo;\u00e9tablissement d&rsquo;un rapport est une activit\u00e9, o\u00f9 nous utilisons le mod\u00e8le de l&rsquo;Autorit\u00e9 su\u00e9doise de protection de la vie priv\u00e9e (Swedish Authority for Privacy Protection) qui stipule que nous devons inclure des informations sur : \u2022 Le type d&rsquo;incident en question \u2022 Les cat\u00e9gories de personnes susceptibles d&rsquo;\u00eatre affect\u00e9es \u2022 Le nombre de personnes affect\u00e9es \u2022 Les cons\u00e9quences potentielles de l&rsquo;incident \u2022 Les mesures prises pour contrecarrer les cons\u00e9quences n\u00e9gatives \u00e9ventuelles. L&rsquo;incident et les actions entreprises sont communiqu\u00e9s aux personnes concern\u00e9es. En cas de violation de donn\u00e9es personnelles, la notification \u00e0 l&rsquo;Autorit\u00e9 su\u00e9doise de protection de la vie priv\u00e9e est une activit\u00e9 dans ce sous-processus. Une fois les actions mises en \u0153uvre et les personnes concern\u00e9es inform\u00e9es, une Analyse de la Cause Racine (RCA) est men\u00e9e dans le but d&#8217;emp\u00eacher que le probl\u00e8me ne se reproduise. <br>      <\/p>\t\t\t\t\t\t\t\t<\/div>\n\t\t\t\t<\/div>\n\t\t\t\t<\/div>\n\t\t\t\t\t<\/div>\n\t\t\t\t<\/div>\n\t\t\t\t<\/div>\n\t\t\t\t<\/div>\n\t\t","protected":false},"excerpt":{"rendered":"<p>Si un incident li\u00e9 au logiciel se produit, il peut entra\u00eener une violation de donn\u00e9es personnelles. Un probl\u00e8me dans Organizer qui g\u00e9n\u00e8re des donn\u00e9es incorrectes ou manquantes est cat\u00e9goris\u00e9 comme un incident li\u00e9 au logiciel. Si ces donn\u00e9es contiennent des informations personnelles, cela devient \u00e9galement une violation de donn\u00e9es personnelles. Une violation de donn\u00e9es personnelles [&hellip;]<\/p>\n","protected":false},"author":2,"featured_media":4594,"parent":0,"menu_order":0,"comment_status":"closed","ping_status":"closed","template":"","meta":{"footnotes":""},"class_list":["post-4634","page","type-page","status-publish","has-post-thumbnail","hentry"],"yoast_head":"<!-- This site is optimized with the Yoast SEO plugin v27.4 - https:\/\/yoast.com\/product\/yoast-seo-wordpress\/ -->\n<title>Gestion des Incidents - Organizer Projektsystem<\/title>\n<meta name=\"robots\" content=\"index, nofollow, max-snippet:-1, max-image-preview:large, max-video-preview:-1\" \/>\n<link rel=\"canonical\" href=\"https:\/\/organizer.se\/fr\/gestion-des-incidents\/\" \/>\n<meta property=\"og:locale\" content=\"fr_FR\" \/>\n<meta property=\"og:type\" content=\"article\" \/>\n<meta property=\"og:title\" content=\"Gestion des Incidents - Organizer Projektsystem\" \/>\n<meta property=\"og:description\" content=\"Si un incident li\u00e9 au logiciel se produit, il peut entra\u00eener une violation de donn\u00e9es personnelles. Un probl\u00e8me dans Organizer qui g\u00e9n\u00e8re des donn\u00e9es incorrectes ou manquantes est cat\u00e9goris\u00e9 comme un incident li\u00e9 au logiciel. Si ces donn\u00e9es contiennent des informations personnelles, cela devient \u00e9galement une violation de donn\u00e9es personnelles. Une violation de donn\u00e9es personnelles [&hellip;]\" \/>\n<meta property=\"og:url\" content=\"https:\/\/organizer.se\/fr\/gestion-des-incidents\/\" \/>\n<meta property=\"og:site_name\" content=\"Organizer Projektsystem\" \/>\n<meta property=\"article:modified_time\" content=\"2025-10-25T06:33:08+00:00\" \/>\n<meta property=\"og:image\" content=\"https:\/\/organizer.se\/wp-content\/uploads\/2024\/01\/banner_build_archives.png\" \/>\n\t<meta property=\"og:image:width\" content=\"869\" \/>\n\t<meta property=\"og:image:height\" content=\"678\" \/>\n\t<meta property=\"og:image:type\" content=\"image\/png\" \/>\n<meta name=\"twitter:card\" content=\"summary_large_image\" \/>\n<meta name=\"twitter:label1\" content=\"Dur\u00e9e de lecture estim\u00e9e\" \/>\n\t<meta name=\"twitter:data1\" content=\"2 minutes\" \/>\n<script type=\"application\/ld+json\" class=\"yoast-schema-graph\">{\"@context\":\"https:\\\/\\\/schema.org\",\"@graph\":[{\"@type\":\"WebPage\",\"@id\":\"https:\\\/\\\/organizer.se\\\/fr\\\/gestion-des-incidents\\\/\",\"url\":\"https:\\\/\\\/organizer.se\\\/fr\\\/gestion-des-incidents\\\/\",\"name\":\"Gestion des Incidents - Organizer Projektsystem\",\"isPartOf\":{\"@id\":\"https:\\\/\\\/organizer.se\\\/fr\\\/#website\"},\"primaryImageOfPage\":{\"@id\":\"https:\\\/\\\/organizer.se\\\/fr\\\/gestion-des-incidents\\\/#primaryimage\"},\"image\":{\"@id\":\"https:\\\/\\\/organizer.se\\\/fr\\\/gestion-des-incidents\\\/#primaryimage\"},\"thumbnailUrl\":\"https:\\\/\\\/organizer.se\\\/wp-content\\\/uploads\\\/2024\\\/01\\\/banner_build_archives.png\",\"datePublished\":\"2024-08-27T16:43:15+00:00\",\"dateModified\":\"2025-10-25T06:33:08+00:00\",\"breadcrumb\":{\"@id\":\"https:\\\/\\\/organizer.se\\\/fr\\\/gestion-des-incidents\\\/#breadcrumb\"},\"inLanguage\":\"fr-FR\",\"potentialAction\":[{\"@type\":\"ReadAction\",\"target\":[\"https:\\\/\\\/organizer.se\\\/fr\\\/gestion-des-incidents\\\/\"]}]},{\"@type\":\"ImageObject\",\"inLanguage\":\"fr-FR\",\"@id\":\"https:\\\/\\\/organizer.se\\\/fr\\\/gestion-des-incidents\\\/#primaryimage\",\"url\":\"https:\\\/\\\/organizer.se\\\/wp-content\\\/uploads\\\/2024\\\/01\\\/banner_build_archives.png\",\"contentUrl\":\"https:\\\/\\\/organizer.se\\\/wp-content\\\/uploads\\\/2024\\\/01\\\/banner_build_archives.png\",\"width\":869,\"height\":678},{\"@type\":\"BreadcrumbList\",\"@id\":\"https:\\\/\\\/organizer.se\\\/fr\\\/gestion-des-incidents\\\/#breadcrumb\",\"itemListElement\":[{\"@type\":\"ListItem\",\"position\":1,\"name\":\"Home\",\"item\":\"https:\\\/\\\/organizer.se\\\/fr\\\/maison\\\/\"},{\"@type\":\"ListItem\",\"position\":2,\"name\":\"Gestion des Incidents\"}]},{\"@type\":\"WebSite\",\"@id\":\"https:\\\/\\\/organizer.se\\\/fr\\\/#website\",\"url\":\"https:\\\/\\\/organizer.se\\\/fr\\\/\",\"name\":\"Organizer Projektsystem\",\"description\":\"\",\"publisher\":{\"@id\":\"https:\\\/\\\/organizer.se\\\/fr\\\/#organization\"},\"potentialAction\":[{\"@type\":\"SearchAction\",\"target\":{\"@type\":\"EntryPoint\",\"urlTemplate\":\"https:\\\/\\\/organizer.se\\\/fr\\\/?s={search_term_string}\"},\"query-input\":{\"@type\":\"PropertyValueSpecification\",\"valueRequired\":true,\"valueName\":\"search_term_string\"}}],\"inLanguage\":\"fr-FR\"},{\"@type\":\"Organization\",\"@id\":\"https:\\\/\\\/organizer.se\\\/fr\\\/#organization\",\"name\":\"Organizer Projektsystem\",\"url\":\"https:\\\/\\\/organizer.se\\\/fr\\\/\",\"logo\":{\"@type\":\"ImageObject\",\"inLanguage\":\"fr-FR\",\"@id\":\"https:\\\/\\\/organizer.se\\\/fr\\\/#\\\/schema\\\/logo\\\/image\\\/\",\"url\":\"https:\\\/\\\/organizer.se\\\/wp-content\\\/uploads\\\/2023\\\/11\\\/logo.png\",\"contentUrl\":\"https:\\\/\\\/organizer.se\\\/wp-content\\\/uploads\\\/2023\\\/11\\\/logo.png\",\"width\":760,\"height\":157,\"caption\":\"Organizer Projektsystem\"},\"image\":{\"@id\":\"https:\\\/\\\/organizer.se\\\/fr\\\/#\\\/schema\\\/logo\\\/image\\\/\"}}]}<\/script>\n<!-- \/ Yoast SEO plugin. -->","yoast_head_json":{"title":"Gestion des Incidents - Organizer Projektsystem","robots":{"index":"index","follow":"nofollow","max-snippet":"max-snippet:-1","max-image-preview":"max-image-preview:large","max-video-preview":"max-video-preview:-1"},"canonical":"https:\/\/organizer.se\/fr\/gestion-des-incidents\/","og_locale":"fr_FR","og_type":"article","og_title":"Gestion des Incidents - Organizer Projektsystem","og_description":"Si un incident li\u00e9 au logiciel se produit, il peut entra\u00eener une violation de donn\u00e9es personnelles. Un probl\u00e8me dans Organizer qui g\u00e9n\u00e8re des donn\u00e9es incorrectes ou manquantes est cat\u00e9goris\u00e9 comme un incident li\u00e9 au logiciel. Si ces donn\u00e9es contiennent des informations personnelles, cela devient \u00e9galement une violation de donn\u00e9es personnelles. Une violation de donn\u00e9es personnelles [&hellip;]","og_url":"https:\/\/organizer.se\/fr\/gestion-des-incidents\/","og_site_name":"Organizer Projektsystem","article_modified_time":"2025-10-25T06:33:08+00:00","og_image":[{"width":869,"height":678,"url":"https:\/\/organizer.se\/wp-content\/uploads\/2024\/01\/banner_build_archives.png","type":"image\/png"}],"twitter_card":"summary_large_image","twitter_misc":{"Dur\u00e9e de lecture estim\u00e9e":"2 minutes"},"schema":{"@context":"https:\/\/schema.org","@graph":[{"@type":"WebPage","@id":"https:\/\/organizer.se\/fr\/gestion-des-incidents\/","url":"https:\/\/organizer.se\/fr\/gestion-des-incidents\/","name":"Gestion des Incidents - Organizer Projektsystem","isPartOf":{"@id":"https:\/\/organizer.se\/fr\/#website"},"primaryImageOfPage":{"@id":"https:\/\/organizer.se\/fr\/gestion-des-incidents\/#primaryimage"},"image":{"@id":"https:\/\/organizer.se\/fr\/gestion-des-incidents\/#primaryimage"},"thumbnailUrl":"https:\/\/organizer.se\/wp-content\/uploads\/2024\/01\/banner_build_archives.png","datePublished":"2024-08-27T16:43:15+00:00","dateModified":"2025-10-25T06:33:08+00:00","breadcrumb":{"@id":"https:\/\/organizer.se\/fr\/gestion-des-incidents\/#breadcrumb"},"inLanguage":"fr-FR","potentialAction":[{"@type":"ReadAction","target":["https:\/\/organizer.se\/fr\/gestion-des-incidents\/"]}]},{"@type":"ImageObject","inLanguage":"fr-FR","@id":"https:\/\/organizer.se\/fr\/gestion-des-incidents\/#primaryimage","url":"https:\/\/organizer.se\/wp-content\/uploads\/2024\/01\/banner_build_archives.png","contentUrl":"https:\/\/organizer.se\/wp-content\/uploads\/2024\/01\/banner_build_archives.png","width":869,"height":678},{"@type":"BreadcrumbList","@id":"https:\/\/organizer.se\/fr\/gestion-des-incidents\/#breadcrumb","itemListElement":[{"@type":"ListItem","position":1,"name":"Home","item":"https:\/\/organizer.se\/fr\/maison\/"},{"@type":"ListItem","position":2,"name":"Gestion des Incidents"}]},{"@type":"WebSite","@id":"https:\/\/organizer.se\/fr\/#website","url":"https:\/\/organizer.se\/fr\/","name":"Organizer Projektsystem","description":"","publisher":{"@id":"https:\/\/organizer.se\/fr\/#organization"},"potentialAction":[{"@type":"SearchAction","target":{"@type":"EntryPoint","urlTemplate":"https:\/\/organizer.se\/fr\/?s={search_term_string}"},"query-input":{"@type":"PropertyValueSpecification","valueRequired":true,"valueName":"search_term_string"}}],"inLanguage":"fr-FR"},{"@type":"Organization","@id":"https:\/\/organizer.se\/fr\/#organization","name":"Organizer Projektsystem","url":"https:\/\/organizer.se\/fr\/","logo":{"@type":"ImageObject","inLanguage":"fr-FR","@id":"https:\/\/organizer.se\/fr\/#\/schema\/logo\/image\/","url":"https:\/\/organizer.se\/wp-content\/uploads\/2023\/11\/logo.png","contentUrl":"https:\/\/organizer.se\/wp-content\/uploads\/2023\/11\/logo.png","width":760,"height":157,"caption":"Organizer Projektsystem"},"image":{"@id":"https:\/\/organizer.se\/fr\/#\/schema\/logo\/image\/"}}]}},"_links":{"self":[{"href":"https:\/\/organizer.se\/fr\/wp-json\/wp\/v2\/pages\/4634","targetHints":{"allow":["GET"]}}],"collection":[{"href":"https:\/\/organizer.se\/fr\/wp-json\/wp\/v2\/pages"}],"about":[{"href":"https:\/\/organizer.se\/fr\/wp-json\/wp\/v2\/types\/page"}],"author":[{"embeddable":true,"href":"https:\/\/organizer.se\/fr\/wp-json\/wp\/v2\/users\/2"}],"replies":[{"embeddable":true,"href":"https:\/\/organizer.se\/fr\/wp-json\/wp\/v2\/comments?post=4634"}],"version-history":[{"count":1,"href":"https:\/\/organizer.se\/fr\/wp-json\/wp\/v2\/pages\/4634\/revisions"}],"predecessor-version":[{"id":4635,"href":"https:\/\/organizer.se\/fr\/wp-json\/wp\/v2\/pages\/4634\/revisions\/4635"}],"wp:featuredmedia":[{"embeddable":true,"href":"https:\/\/organizer.se\/fr\/wp-json\/wp\/v2\/media\/4594"}],"wp:attachment":[{"href":"https:\/\/organizer.se\/fr\/wp-json\/wp\/v2\/media?parent=4634"}],"curies":[{"name":"wp","href":"https:\/\/api.w.org\/{rel}","templated":true}]}}