{"id":4449,"date":"2024-05-12T16:00:56","date_gmt":"2024-05-12T14:00:56","guid":{"rendered":"https:\/\/organizer.se\/archivio\/"},"modified":"2025-10-04T14:23:00","modified_gmt":"2025-10-04T12:23:00","slug":"archivio","status":"publish","type":"page","link":"https:\/\/organizer.se\/it\/archivio\/","title":{"rendered":"Archivio"},"content":{"rendered":"\t\t<div data-elementor-type=\"wp-page\" data-elementor-id=\"4449\" class=\"elementor elementor-4449 elementor-3276\" data-elementor-settings=\"{&quot;ha_cmc_init_switcher&quot;:&quot;no&quot;}\" data-elementor-post-type=\"page\">\n\t\t\t\t<div class=\"elementor-element elementor-element-660ecfa e-flex e-con-boxed e-con e-parent\" data-id=\"660ecfa\" data-element_type=\"container\" data-e-type=\"container\" data-settings=\"{&quot;background_background&quot;:&quot;gradient&quot;,&quot;_ha_eqh_enable&quot;:false}\">\n\t\t\t\t\t<div class=\"e-con-inner\">\n\t\t<div class=\"elementor-element elementor-element-29d0912 e-flex e-con-boxed e-con e-child\" data-id=\"29d0912\" data-element_type=\"container\" data-e-type=\"container\" data-settings=\"{&quot;_ha_eqh_enable&quot;:false}\">\n\t\t\t\t\t<div class=\"e-con-inner\">\n\t\t<div class=\"elementor-element elementor-element-66b8245 e-con-full e-flex e-con e-child\" data-id=\"66b8245\" data-element_type=\"container\" data-e-type=\"container\" data-settings=\"{&quot;_ha_eqh_enable&quot;:false}\">\n\t\t\t\t<div class=\"elementor-element elementor-element-7d3f906 elementor-widget__width-auto elementor-invisible elementor-widget elementor-widget-ha-page-title happy-addon ha-page-title\" data-id=\"7d3f906\" data-element_type=\"widget\" data-e-type=\"widget\" data-settings=\"{&quot;_animation&quot;:&quot;fadeIn&quot;,&quot;_animation_delay&quot;:250}\" data-widget_type=\"ha-page-title.default\">\n\t\t\t\t<div class=\"elementor-widget-container\">\n\t\t\t\t\t<h1 class=\"ha-page-title elementor-size-default\">Archivio<\/h1>\t\t\t\t<\/div>\n\t\t\t\t<\/div>\n\t\t\t\t<\/div>\n\t\t\t\t\t<\/div>\n\t\t\t\t<\/div>\n\t\t\t\t\t<\/div>\n\t\t\t\t<\/div>\n\t\t<div class=\"elementor-element elementor-element-fe904b5 e-con-full e-flex e-con e-parent\" data-id=\"fe904b5\" data-element_type=\"container\" data-e-type=\"container\" data-settings=\"{&quot;_ha_eqh_enable&quot;:false}\">\n\t\t\t\t<div class=\"elementor-element elementor-element-b02a515 e-transform elementor-widget elementor-widget-text-editor\" data-id=\"b02a515\" data-element_type=\"widget\" data-e-type=\"widget\" data-settings=\"{&quot;_transform_translateY_effect&quot;:{&quot;unit&quot;:&quot;%&quot;,&quot;size&quot;:-50,&quot;sizes&quot;:[]},&quot;_transform_translateY_effect_tablet_extra&quot;:{&quot;unit&quot;:&quot;%&quot;,&quot;size&quot;:&quot;&quot;,&quot;sizes&quot;:[]},&quot;_transform_translateY_effect_tablet&quot;:{&quot;unit&quot;:&quot;%&quot;,&quot;size&quot;:&quot;&quot;,&quot;sizes&quot;:[]},&quot;_transform_translateY_effect_mobile&quot;:{&quot;unit&quot;:&quot;%&quot;,&quot;size&quot;:-20,&quot;sizes&quot;:[]},&quot;_transform_translateX_effect&quot;:{&quot;unit&quot;:&quot;px&quot;,&quot;size&quot;:&quot;&quot;,&quot;sizes&quot;:[]},&quot;_transform_translateX_effect_tablet_extra&quot;:{&quot;unit&quot;:&quot;px&quot;,&quot;size&quot;:&quot;&quot;,&quot;sizes&quot;:[]},&quot;_transform_translateX_effect_tablet&quot;:{&quot;unit&quot;:&quot;px&quot;,&quot;size&quot;:&quot;&quot;,&quot;sizes&quot;:[]},&quot;_transform_translateX_effect_mobile&quot;:{&quot;unit&quot;:&quot;px&quot;,&quot;size&quot;:&quot;&quot;,&quot;sizes&quot;:[]}}\" data-widget_type=\"text-editor.default\">\n\t\t\t\t<div class=\"elementor-widget-container\">\n\t\t\t\t\t\t\t\t\t<p>Come sai di avere le informazioni pi\u00f9 recenti e corrette? Se lavori con l&#8217;Archivio Organizer, hai sempre un modello di propriet\u00e0 esatto. <\/p>\t\t\t\t\t\t\t\t<\/div>\n\t\t\t\t<\/div>\n\t\t<div class=\"elementor-element elementor-element-0ca8f41 e-flex e-con-boxed e-con e-child\" data-id=\"0ca8f41\" data-element_type=\"container\" data-e-type=\"container\" data-settings=\"{&quot;_ha_eqh_enable&quot;:&quot;yes&quot;,&quot;_ha_eqh_to&quot;:&quot;widget&quot;,&quot;_ha_eqh_disable_on_tablet&quot;:&quot;no&quot;,&quot;_ha_eqh_disable_on_mobile&quot;:&quot;yes&quot;}\">\n\t\t\t\t\t<div class=\"e-con-inner\">\n\t\t<div class=\"elementor-element elementor-element-8de3f0f e-con-full e-flex e-con e-child\" data-id=\"8de3f0f\" data-element_type=\"container\" data-e-type=\"container\" data-settings=\"{&quot;animation&quot;:&quot;none&quot;,&quot;animation_mobile&quot;:&quot;none&quot;,&quot;_ha_eqh_enable&quot;:false}\">\n\t\t\t\t<div class=\"elementor-element elementor-element-f89f60f elementor-widget elementor-widget-image\" data-id=\"f89f60f\" data-element_type=\"widget\" data-e-type=\"widget\" data-widget_type=\"image.default\">\n\t\t\t\t<div class=\"elementor-widget-container\">\n\t\t\t\t\t\t\t\t\t\t\t\t\t\t\t<img fetchpriority=\"high\" decoding=\"async\" width=\"500\" height=\"500\" src=\"https:\/\/organizer.se\/wp-content\/uploads\/2024\/05\/Organizer-Projektsystem-Arkivets-Viktiga-Funktion.jpg\" class=\"attachment-full size-full wp-image-4445\" alt=\"Sistema Progetto Organizer - L&#039;Importante Funzione dell&#039;Archivio\" srcset=\"https:\/\/organizer.se\/wp-content\/uploads\/2024\/05\/Organizer-Projektsystem-Arkivets-Viktiga-Funktion.jpg 500w, https:\/\/organizer.se\/wp-content\/uploads\/2024\/05\/Organizer-Projektsystem-Arkivets-Viktiga-Funktion-300x300.jpg 300w, https:\/\/organizer.se\/wp-content\/uploads\/2024\/05\/Organizer-Projektsystem-Arkivets-Viktiga-Funktion-150x150.jpg 150w\" sizes=\"(max-width: 500px) 100vw, 500px\" \/>\t\t\t\t\t\t\t\t\t\t\t\t\t\t\t<\/div>\n\t\t\t\t<\/div>\n\t\t\t\t<\/div>\n\t\t<div class=\"elementor-element elementor-element-23ba7aa e-con-full e-flex e-con e-child\" data-id=\"23ba7aa\" data-element_type=\"container\" data-e-type=\"container\" data-settings=\"{&quot;animation&quot;:&quot;none&quot;,&quot;animation_mobile&quot;:&quot;none&quot;,&quot;_ha_eqh_enable&quot;:false}\">\n\t\t\t\t<div class=\"elementor-element elementor-element-405e3d3 elementor-widget elementor-widget-text-editor\" data-id=\"405e3d3\" data-element_type=\"widget\" data-e-type=\"widget\" data-widget_type=\"text-editor.default\">\n\t\t\t\t<div class=\"elementor-widget-container\">\n\t\t\t\t\t\t\t\t\tIn ogni progetto di costruzione, l&#8217;archivio svolge un ruolo centrale nella gestione e nel tracciamento dei cambiamenti. Dalla gestione all&#8217;implementazione del progetto e ritorno alla gestione. La funzione dell&#8217;archivio \u00e8 fondamentale per garantire continuit\u00e0 e accuratezza. Esploriamo come l&#8217;archivio naviga agevolmente attraverso le diverse fasi di un progetto e perch\u00e9 \u00e8 una parte indispensabile di ogni processo di costruzione.   \t\t\t\t\t\t\t\t<\/div>\n\t\t\t\t<\/div>\n\t\t\t\t<\/div>\n\t\t\t\t\t<\/div>\n\t\t\t\t<\/div>\n\t\t<div class=\"elementor-element elementor-element-1c0dabd e-con-full e-flex e-con e-child\" data-id=\"1c0dabd\" data-element_type=\"container\" data-e-type=\"container\" data-settings=\"{&quot;background_background&quot;:&quot;classic&quot;,&quot;_ha_eqh_enable&quot;:false}\">\n\t\t<div class=\"elementor-element elementor-element-f5a954a e-flex e-con-boxed e-con e-child\" data-id=\"f5a954a\" data-element_type=\"container\" data-e-type=\"container\" data-settings=\"{&quot;_ha_eqh_enable&quot;:&quot;yes&quot;,&quot;_ha_eqh_to&quot;:&quot;widget&quot;,&quot;_ha_eqh_disable_on_tablet&quot;:&quot;no&quot;,&quot;_ha_eqh_disable_on_mobile&quot;:&quot;yes&quot;}\">\n\t\t\t\t\t<div class=\"e-con-inner\">\n\t\t<div class=\"elementor-element elementor-element-2fe80f8 e-con-full e-flex e-con e-child\" data-id=\"2fe80f8\" data-element_type=\"container\" data-e-type=\"container\" data-settings=\"{&quot;animation&quot;:&quot;none&quot;,&quot;animation_mobile&quot;:&quot;none&quot;,&quot;_ha_eqh_enable&quot;:false}\">\n\t\t\t\t<div class=\"elementor-element elementor-element-ae8dd4e elementor-widget elementor-widget-text-editor\" data-id=\"ae8dd4e\" data-element_type=\"widget\" data-e-type=\"widget\" data-settings=\"{&quot;_animation&quot;:&quot;none&quot;}\" data-widget_type=\"text-editor.default\">\n\t\t\t\t<div class=\"elementor-widget-container\">\n\t\t\t\t\t\t\t\t\t<p>L&#8217;Archivio di Organizer \u00e8 una piattaforma dinamica che viene continuamente aggiornata per riflettere i cambiamenti, sia piccoli che grandi, che si verificano nella propriet\u00e0. Crea un modello di propriet\u00e0 che corrisponde esattamente alla struttura reale. Questo modello costituisce la pietra angolare di ogni progetto ed \u00e8 fornito senza problemi dall&#8217;Archivio. Contiene demolizioni dettagliate e visualizza il nuovo aspetto della propriet\u00e0 o dei locali, il che garantisce che il progetto rimanga in linea con i documenti di controllo stabiliti (manuali BIM\/CAD).   <\/p>\t\t\t\t\t\t\t\t<\/div>\n\t\t\t\t<\/div>\n\t\t\t\t<\/div>\n\t\t<div class=\"elementor-element elementor-element-c777788 e-con-full e-flex e-con e-child\" data-id=\"c777788\" data-element_type=\"container\" data-e-type=\"container\" data-settings=\"{&quot;animation&quot;:&quot;none&quot;,&quot;animation_mobile&quot;:&quot;none&quot;,&quot;_ha_eqh_enable&quot;:false}\">\n\t\t\t\t<div class=\"elementor-element elementor-element-59485c6 elementor-widget elementor-widget-image\" data-id=\"59485c6\" data-element_type=\"widget\" data-e-type=\"widget\" data-widget_type=\"image.default\">\n\t\t\t\t<div class=\"elementor-widget-container\">\n\t\t\t\t\t\t\t\t\t\t\t\t\t\t\t<img decoding=\"async\" width=\"500\" height=\"500\" src=\"https:\/\/organizer.se\/wp-content\/uploads\/2024\/05\/Organizer-Projektsystem-Dynamiskt-Uppdaterade-Detaljer-Organizers-Arkiv-i-Fokus.jpg\" class=\"attachment-full size-full wp-image-4446\" alt=\"Sistema Progetto Organizer - Dettagli Aggiornati Dinamicamente L&#039;Archivio Organizer in Primo Piano\" srcset=\"https:\/\/organizer.se\/wp-content\/uploads\/2024\/05\/Organizer-Projektsystem-Dynamiskt-Uppdaterade-Detaljer-Organizers-Arkiv-i-Fokus.jpg 500w, https:\/\/organizer.se\/wp-content\/uploads\/2024\/05\/Organizer-Projektsystem-Dynamiskt-Uppdaterade-Detaljer-Organizers-Arkiv-i-Fokus-300x300.jpg 300w, https:\/\/organizer.se\/wp-content\/uploads\/2024\/05\/Organizer-Projektsystem-Dynamiskt-Uppdaterade-Detaljer-Organizers-Arkiv-i-Fokus-150x150.jpg 150w\" sizes=\"(max-width: 500px) 100vw, 500px\" \/>\t\t\t\t\t\t\t\t\t\t\t\t\t\t\t<\/div>\n\t\t\t\t<\/div>\n\t\t\t\t<\/div>\n\t\t\t\t\t<\/div>\n\t\t\t\t<\/div>\n\t\t\t\t<\/div>\n\t\t<div class=\"elementor-element elementor-element-e28e7ef e-flex e-con-boxed e-con e-child\" data-id=\"e28e7ef\" data-element_type=\"container\" data-e-type=\"container\" data-settings=\"{&quot;_ha_eqh_enable&quot;:&quot;yes&quot;,&quot;_ha_eqh_to&quot;:&quot;widget&quot;,&quot;_ha_eqh_disable_on_tablet&quot;:&quot;no&quot;,&quot;_ha_eqh_disable_on_mobile&quot;:&quot;yes&quot;}\">\n\t\t\t\t\t<div class=\"e-con-inner\">\n\t\t<div class=\"elementor-element elementor-element-6c28f1a e-con-full e-flex e-con e-child\" data-id=\"6c28f1a\" data-element_type=\"container\" data-e-type=\"container\" data-settings=\"{&quot;animation&quot;:&quot;none&quot;,&quot;animation_mobile&quot;:&quot;none&quot;,&quot;_ha_eqh_enable&quot;:false}\">\n\t\t\t\t<div class=\"elementor-element elementor-element-b9d28a6 elementor-widget elementor-widget-image\" data-id=\"b9d28a6\" data-element_type=\"widget\" data-e-type=\"widget\" data-widget_type=\"image.default\">\n\t\t\t\t<div class=\"elementor-widget-container\">\n\t\t\t\t\t\t\t\t\t\t\t\t\t\t\t<img decoding=\"async\" width=\"500\" height=\"500\" src=\"https:\/\/organizer.se\/wp-content\/uploads\/2024\/05\/Organizer-Projektsystem-Sakerstalld-Tillganglighet-Organizers-Arkivs-Filhanteringscykel.jpg\" class=\"attachment-full size-full wp-image-4447\" alt=\"Sistema Progetto Organizer - Accessibilit\u00e0 Protetta - Il Ciclo di Gestione dei File dell&#039;Archivio Organizer\" srcset=\"https:\/\/organizer.se\/wp-content\/uploads\/2024\/05\/Organizer-Projektsystem-Sakerstalld-Tillganglighet-Organizers-Arkivs-Filhanteringscykel.jpg 500w, https:\/\/organizer.se\/wp-content\/uploads\/2024\/05\/Organizer-Projektsystem-Sakerstalld-Tillganglighet-Organizers-Arkivs-Filhanteringscykel-300x300.jpg 300w, https:\/\/organizer.se\/wp-content\/uploads\/2024\/05\/Organizer-Projektsystem-Sakerstalld-Tillganglighet-Organizers-Arkivs-Filhanteringscykel-150x150.jpg 150w\" sizes=\"(max-width: 500px) 100vw, 500px\" \/>\t\t\t\t\t\t\t\t\t\t\t\t\t\t\t<\/div>\n\t\t\t\t<\/div>\n\t\t\t\t<\/div>\n\t\t<div class=\"elementor-element elementor-element-fd39885 e-con-full e-flex e-con e-child\" data-id=\"fd39885\" data-element_type=\"container\" data-e-type=\"container\" data-settings=\"{&quot;animation&quot;:&quot;none&quot;,&quot;animation_mobile&quot;:&quot;none&quot;,&quot;_ha_eqh_enable&quot;:false}\">\n\t\t\t\t<div class=\"elementor-element elementor-element-d4edd72 elementor-widget elementor-widget-text-editor\" data-id=\"d4edd72\" data-element_type=\"widget\" data-e-type=\"widget\" data-settings=\"{&quot;_animation&quot;:&quot;none&quot;}\" data-widget_type=\"text-editor.default\">\n\t\t\t\t<div class=\"elementor-widget-container\">\n\t\t\t\t\t\t\t\t\t<p>Al completamento di un progetto, i file vengono restituiti all&#8217;Archivio, il che significa che hanno attraversato l&#8217;intero processo da Archivio a Progetto e di nuovo all&#8217;Archivio. Contemporaneamente, vengono creati nuovi file in formato PDF per una gestione pi\u00f9 semplice. Questo processo circolare assicura che il nostro archivio di disegni sia sempre aggiornato, affidabile e pronto per essere utilizzato per futuri progetti. Con il nostro sistema, puoi essere certo di avere accesso alle informazioni pi\u00f9 recenti e precise quando ne hai bisogno.   <\/p>\t\t\t\t\t\t\t\t<\/div>\n\t\t\t\t<\/div>\n\t\t\t\t<\/div>\n\t\t\t\t\t<\/div>\n\t\t\t\t<\/div>\n\t\t\t\t<\/div>\n\t\t<div class=\"elementor-element elementor-element-6090c21 e-flex e-con-boxed e-con e-parent\" data-id=\"6090c21\" data-element_type=\"container\" data-e-type=\"container\" data-settings=\"{&quot;_ha_eqh_enable&quot;:false}\">\n\t\t\t\t\t<div class=\"e-con-inner\">\n\t\t\t\t<div class=\"elementor-element elementor-element-525486c elementor-align-center elementor-widget elementor-widget-button\" data-id=\"525486c\" data-element_type=\"widget\" data-e-type=\"widget\" data-widget_type=\"button.default\">\n\t\t\t\t<div class=\"elementor-widget-container\">\n\t\t\t\t\t\t\t\t\t<div class=\"elementor-button-wrapper\">\n\t\t\t\t\t<a class=\"elementor-button elementor-button-link elementor-size-sm\" href=\"https:\/\/organizer.se\/it\/contatti\/\">\n\t\t\t\t\t\t<span class=\"elementor-button-content-wrapper\">\n\t\t\t\t\t\t<span class=\"elementor-button-icon\">\n\t\t\t\t<i aria-hidden=\"true\" class=\"fas fa-arrow-right\"><\/i>\t\t\t<\/span>\n\t\t\t\t\t\t\t\t\t<span class=\"elementor-button-text\"> Contattaci per un preventivo<\/span>\n\t\t\t\t\t<\/span>\n\t\t\t\t\t<\/a>\n\t\t\t\t<\/div>\n\t\t\t\t\t\t\t\t<\/div>\n\t\t\t\t<\/div>\n\t\t\t\t\t<\/div>\n\t\t\t\t<\/div>\n\t\t\t\t<\/div>\n\t\t","protected":false},"excerpt":{"rendered":"<p>Come sai di avere le informazioni pi\u00f9 recenti e corrette? Se lavori con l&#8217;Archivio Organizer, hai sempre un modello di propriet\u00e0 esatto. In ogni progetto di costruzione, l&#8217;archivio svolge un ruolo centrale nella gestione e nel tracciamento dei cambiamenti. Dalla gestione all&#8217;implementazione del progetto e ritorno alla gestione. La funzione dell&#8217;archivio \u00e8 fondamentale per garantire [&hellip;]<\/p>\n","protected":false},"author":2,"featured_media":4448,"parent":0,"menu_order":0,"comment_status":"closed","ping_status":"closed","template":"","meta":{"footnotes":""},"class_list":["post-4449","page","type-page","status-publish","has-post-thumbnail","hentry"],"yoast_head":"<!-- This site is optimized with the Yoast SEO plugin v27.4 - https:\/\/yoast.com\/product\/yoast-seo-wordpress\/ -->\n<title>Organizer | L&#039;Archivio crea modelli di propriet\u00e0 esatti.<\/title>\n<meta name=\"description\" content=\"L&#039;Archivio Organizer \u00e8 fondamentale per la gestione e il tracciamento delle modifiche. I modelli dinamici ed esatti ti forniscono le informazioni pi\u00f9 recenti e precise.\" \/>\n<meta name=\"robots\" content=\"index, follow, max-snippet:-1, max-image-preview:large, max-video-preview:-1\" \/>\n<link rel=\"canonical\" href=\"https:\/\/organizer.se\/it\/archivio\/\" \/>\n<meta property=\"og:locale\" content=\"it_IT\" \/>\n<meta property=\"og:type\" content=\"article\" \/>\n<meta property=\"og:title\" content=\"Organizer | L&#039;Archivio crea modelli di propriet\u00e0 esatti.\" \/>\n<meta property=\"og:description\" content=\"Come sai di avere le informazioni pi\u00f9 recenti e corrette? Se lavori con l&#039;Archivio Organizer, hai sempre un modello di propriet\u00e0 esatto.\" \/>\n<meta property=\"og:url\" content=\"https:\/\/organizer.se\/it\/archivio\/\" \/>\n<meta property=\"og:site_name\" content=\"Organizer Projektsystem\" \/>\n<meta property=\"article:modified_time\" content=\"2025-10-04T12:23:00+00:00\" \/>\n<meta property=\"og:image\" content=\"https:\/\/organizer.se\/wp-content\/uploads\/2024\/05\/Organizer-ny-projekt-Skapa-fran-systemmall.png\" \/>\n\t<meta property=\"og:image:width\" content=\"2558\" \/>\n\t<meta property=\"og:image:height\" content=\"1259\" \/>\n\t<meta property=\"og:image:type\" content=\"image\/png\" \/>\n<meta name=\"twitter:card\" content=\"summary_large_image\" \/>\n<meta name=\"twitter:label1\" content=\"Tempo di lettura stimato\" \/>\n\t<meta name=\"twitter:data1\" content=\"1 minuto\" \/>\n<script type=\"application\/ld+json\" class=\"yoast-schema-graph\">{\"@context\":\"https:\\\/\\\/schema.org\",\"@graph\":[{\"@type\":\"WebPage\",\"@id\":\"https:\\\/\\\/organizer.se\\\/it\\\/archivio\\\/\",\"url\":\"https:\\\/\\\/organizer.se\\\/it\\\/archivio\\\/\",\"name\":\"Organizer | L'Archivio crea modelli di propriet\u00e0 esatti.\",\"isPartOf\":{\"@id\":\"https:\\\/\\\/organizer.se\\\/it\\\/#website\"},\"primaryImageOfPage\":{\"@id\":\"https:\\\/\\\/organizer.se\\\/it\\\/archivio\\\/#primaryimage\"},\"image\":{\"@id\":\"https:\\\/\\\/organizer.se\\\/it\\\/archivio\\\/#primaryimage\"},\"thumbnailUrl\":\"https:\\\/\\\/organizer.se\\\/wp-content\\\/uploads\\\/2024\\\/05\\\/Organizer-ny-projekt-Skapa-fran-systemmall.png\",\"datePublished\":\"2024-05-12T14:00:56+00:00\",\"dateModified\":\"2025-10-04T12:23:00+00:00\",\"description\":\"L'Archivio Organizer \u00e8 fondamentale per la gestione e il tracciamento delle modifiche. I modelli dinamici ed esatti ti forniscono le informazioni pi\u00f9 recenti e precise.\",\"breadcrumb\":{\"@id\":\"https:\\\/\\\/organizer.se\\\/it\\\/archivio\\\/#breadcrumb\"},\"inLanguage\":\"it-IT\",\"potentialAction\":[{\"@type\":\"ReadAction\",\"target\":[\"https:\\\/\\\/organizer.se\\\/it\\\/archivio\\\/\"]}]},{\"@type\":\"ImageObject\",\"inLanguage\":\"it-IT\",\"@id\":\"https:\\\/\\\/organizer.se\\\/it\\\/archivio\\\/#primaryimage\",\"url\":\"https:\\\/\\\/organizer.se\\\/wp-content\\\/uploads\\\/2024\\\/05\\\/Organizer-ny-projekt-Skapa-fran-systemmall.png\",\"contentUrl\":\"https:\\\/\\\/organizer.se\\\/wp-content\\\/uploads\\\/2024\\\/05\\\/Organizer-ny-projekt-Skapa-fran-systemmall.png\",\"width\":2558,\"height\":1259,\"caption\":\"Organizer-nuovo-progetto-Crea-da-modello-di-sistema\"},{\"@type\":\"BreadcrumbList\",\"@id\":\"https:\\\/\\\/organizer.se\\\/it\\\/archivio\\\/#breadcrumb\",\"itemListElement\":[{\"@type\":\"ListItem\",\"position\":1,\"name\":\"Home\",\"item\":\"https:\\\/\\\/organizer.se\\\/it\\\/\"},{\"@type\":\"ListItem\",\"position\":2,\"name\":\"Archivio\"}]},{\"@type\":\"WebSite\",\"@id\":\"https:\\\/\\\/organizer.se\\\/it\\\/#website\",\"url\":\"https:\\\/\\\/organizer.se\\\/it\\\/\",\"name\":\"Organizer Projektsystem\",\"description\":\"\",\"publisher\":{\"@id\":\"https:\\\/\\\/organizer.se\\\/it\\\/#organization\"},\"potentialAction\":[{\"@type\":\"SearchAction\",\"target\":{\"@type\":\"EntryPoint\",\"urlTemplate\":\"https:\\\/\\\/organizer.se\\\/it\\\/?s={search_term_string}\"},\"query-input\":{\"@type\":\"PropertyValueSpecification\",\"valueRequired\":true,\"valueName\":\"search_term_string\"}}],\"inLanguage\":\"it-IT\"},{\"@type\":\"Organization\",\"@id\":\"https:\\\/\\\/organizer.se\\\/it\\\/#organization\",\"name\":\"Organizer Projektsystem\",\"url\":\"https:\\\/\\\/organizer.se\\\/it\\\/\",\"logo\":{\"@type\":\"ImageObject\",\"inLanguage\":\"it-IT\",\"@id\":\"https:\\\/\\\/organizer.se\\\/it\\\/#\\\/schema\\\/logo\\\/image\\\/\",\"url\":\"https:\\\/\\\/organizer.se\\\/wp-content\\\/uploads\\\/2023\\\/11\\\/logo.png\",\"contentUrl\":\"https:\\\/\\\/organizer.se\\\/wp-content\\\/uploads\\\/2023\\\/11\\\/logo.png\",\"width\":760,\"height\":157,\"caption\":\"Organizer Projektsystem\"},\"image\":{\"@id\":\"https:\\\/\\\/organizer.se\\\/it\\\/#\\\/schema\\\/logo\\\/image\\\/\"}}]}<\/script>\n<!-- \/ Yoast SEO plugin. -->","yoast_head_json":{"title":"Organizer | L'Archivio crea modelli di propriet\u00e0 esatti.","description":"L'Archivio Organizer \u00e8 fondamentale per la gestione e il tracciamento delle modifiche. I modelli dinamici ed esatti ti forniscono le informazioni pi\u00f9 recenti e precise.","robots":{"index":"index","follow":"follow","max-snippet":"max-snippet:-1","max-image-preview":"max-image-preview:large","max-video-preview":"max-video-preview:-1"},"canonical":"https:\/\/organizer.se\/it\/archivio\/","og_locale":"it_IT","og_type":"article","og_title":"Organizer | L'Archivio crea modelli di propriet\u00e0 esatti.","og_description":"Come sai di avere le informazioni pi\u00f9 recenti e corrette? Se lavori con l'Archivio Organizer, hai sempre un modello di propriet\u00e0 esatto.","og_url":"https:\/\/organizer.se\/it\/archivio\/","og_site_name":"Organizer Projektsystem","article_modified_time":"2025-10-04T12:23:00+00:00","og_image":[{"width":2558,"height":1259,"url":"https:\/\/organizer.se\/wp-content\/uploads\/2024\/05\/Organizer-ny-projekt-Skapa-fran-systemmall.png","type":"image\/png"}],"twitter_card":"summary_large_image","twitter_misc":{"Tempo di lettura stimato":"1 minuto"},"schema":{"@context":"https:\/\/schema.org","@graph":[{"@type":"WebPage","@id":"https:\/\/organizer.se\/it\/archivio\/","url":"https:\/\/organizer.se\/it\/archivio\/","name":"Organizer | L'Archivio crea modelli di propriet\u00e0 esatti.","isPartOf":{"@id":"https:\/\/organizer.se\/it\/#website"},"primaryImageOfPage":{"@id":"https:\/\/organizer.se\/it\/archivio\/#primaryimage"},"image":{"@id":"https:\/\/organizer.se\/it\/archivio\/#primaryimage"},"thumbnailUrl":"https:\/\/organizer.se\/wp-content\/uploads\/2024\/05\/Organizer-ny-projekt-Skapa-fran-systemmall.png","datePublished":"2024-05-12T14:00:56+00:00","dateModified":"2025-10-04T12:23:00+00:00","description":"L'Archivio Organizer \u00e8 fondamentale per la gestione e il tracciamento delle modifiche. I modelli dinamici ed esatti ti forniscono le informazioni pi\u00f9 recenti e precise.","breadcrumb":{"@id":"https:\/\/organizer.se\/it\/archivio\/#breadcrumb"},"inLanguage":"it-IT","potentialAction":[{"@type":"ReadAction","target":["https:\/\/organizer.se\/it\/archivio\/"]}]},{"@type":"ImageObject","inLanguage":"it-IT","@id":"https:\/\/organizer.se\/it\/archivio\/#primaryimage","url":"https:\/\/organizer.se\/wp-content\/uploads\/2024\/05\/Organizer-ny-projekt-Skapa-fran-systemmall.png","contentUrl":"https:\/\/organizer.se\/wp-content\/uploads\/2024\/05\/Organizer-ny-projekt-Skapa-fran-systemmall.png","width":2558,"height":1259,"caption":"Organizer-nuovo-progetto-Crea-da-modello-di-sistema"},{"@type":"BreadcrumbList","@id":"https:\/\/organizer.se\/it\/archivio\/#breadcrumb","itemListElement":[{"@type":"ListItem","position":1,"name":"Home","item":"https:\/\/organizer.se\/it\/"},{"@type":"ListItem","position":2,"name":"Archivio"}]},{"@type":"WebSite","@id":"https:\/\/organizer.se\/it\/#website","url":"https:\/\/organizer.se\/it\/","name":"Organizer Projektsystem","description":"","publisher":{"@id":"https:\/\/organizer.se\/it\/#organization"},"potentialAction":[{"@type":"SearchAction","target":{"@type":"EntryPoint","urlTemplate":"https:\/\/organizer.se\/it\/?s={search_term_string}"},"query-input":{"@type":"PropertyValueSpecification","valueRequired":true,"valueName":"search_term_string"}}],"inLanguage":"it-IT"},{"@type":"Organization","@id":"https:\/\/organizer.se\/it\/#organization","name":"Organizer Projektsystem","url":"https:\/\/organizer.se\/it\/","logo":{"@type":"ImageObject","inLanguage":"it-IT","@id":"https:\/\/organizer.se\/it\/#\/schema\/logo\/image\/","url":"https:\/\/organizer.se\/wp-content\/uploads\/2023\/11\/logo.png","contentUrl":"https:\/\/organizer.se\/wp-content\/uploads\/2023\/11\/logo.png","width":760,"height":157,"caption":"Organizer Projektsystem"},"image":{"@id":"https:\/\/organizer.se\/it\/#\/schema\/logo\/image\/"}}]}},"_links":{"self":[{"href":"https:\/\/organizer.se\/it\/wp-json\/wp\/v2\/pages\/4449","targetHints":{"allow":["GET"]}}],"collection":[{"href":"https:\/\/organizer.se\/it\/wp-json\/wp\/v2\/pages"}],"about":[{"href":"https:\/\/organizer.se\/it\/wp-json\/wp\/v2\/types\/page"}],"author":[{"embeddable":true,"href":"https:\/\/organizer.se\/it\/wp-json\/wp\/v2\/users\/2"}],"replies":[{"embeddable":true,"href":"https:\/\/organizer.se\/it\/wp-json\/wp\/v2\/comments?post=4449"}],"version-history":[{"count":3,"href":"https:\/\/organizer.se\/it\/wp-json\/wp\/v2\/pages\/4449\/revisions"}],"predecessor-version":[{"id":4532,"href":"https:\/\/organizer.se\/it\/wp-json\/wp\/v2\/pages\/4449\/revisions\/4532"}],"wp:featuredmedia":[{"embeddable":true,"href":"https:\/\/organizer.se\/it\/wp-json\/wp\/v2\/media\/4448"}],"wp:attachment":[{"href":"https:\/\/organizer.se\/it\/wp-json\/wp\/v2\/media?parent=4449"}],"curies":[{"name":"wp","href":"https:\/\/api.w.org\/{rel}","templated":true}]}}