{"id":4484,"date":"2024-08-27T18:45:10","date_gmt":"2024-08-27T16:45:10","guid":{"rendered":"https:\/\/organizer.se\/gdpr\/"},"modified":"2025-10-02T20:33:06","modified_gmt":"2025-10-02T18:33:06","slug":"gdpr","status":"publish","type":"page","link":"https:\/\/organizer.se\/it\/gdpr\/","title":{"rendered":"GDPR"},"content":{"rendered":"\t\t<div data-elementor-type=\"wp-page\" data-elementor-id=\"4484\" class=\"elementor elementor-4484 elementor-3883\" data-elementor-settings=\"{&quot;ha_cmc_init_switcher&quot;:&quot;no&quot;}\" data-elementor-post-type=\"page\">\n\t\t\t\t<div class=\"elementor-element elementor-element-62e1300b e-flex e-con-boxed e-con e-parent\" data-id=\"62e1300b\" data-element_type=\"container\" data-e-type=\"container\" data-settings=\"{&quot;background_background&quot;:&quot;gradient&quot;,&quot;_ha_eqh_enable&quot;:false}\">\n\t\t\t\t\t<div class=\"e-con-inner\">\n\t\t<div class=\"elementor-element elementor-element-17778530 e-flex e-con-boxed e-con e-child\" data-id=\"17778530\" data-element_type=\"container\" data-e-type=\"container\" data-settings=\"{&quot;_ha_eqh_enable&quot;:false}\">\n\t\t\t\t\t<div class=\"e-con-inner\">\n\t\t<div class=\"elementor-element elementor-element-4ff43bb0 e-con-full e-flex e-con e-child\" data-id=\"4ff43bb0\" data-element_type=\"container\" data-e-type=\"container\" data-settings=\"{&quot;_ha_eqh_enable&quot;:false}\">\n\t\t\t\t<div class=\"elementor-element elementor-element-15da6922 elementor-widget__width-auto elementor-invisible elementor-widget elementor-widget-ha-page-title happy-addon ha-page-title\" data-id=\"15da6922\" data-element_type=\"widget\" data-e-type=\"widget\" data-settings=\"{&quot;_animation&quot;:&quot;fadeIn&quot;,&quot;_animation_delay&quot;:250}\" data-widget_type=\"ha-page-title.default\">\n\t\t\t\t<div class=\"elementor-widget-container\">\n\t\t\t\t\t<h1 class=\"ha-page-title elementor-size-default\">GDPR<\/h1>\t\t\t\t<\/div>\n\t\t\t\t<\/div>\n\t\t\t\t<\/div>\n\t\t\t\t\t<\/div>\n\t\t\t\t<\/div>\n\t\t\t\t\t<\/div>\n\t\t\t\t<\/div>\n\t\t<div class=\"elementor-element elementor-element-5605e93d e-con-full e-flex e-con e-parent\" data-id=\"5605e93d\" data-element_type=\"container\" data-e-type=\"container\" data-settings=\"{&quot;_ha_eqh_enable&quot;:false}\">\n\t\t<div class=\"elementor-element elementor-element-5debac91 e-flex e-con-boxed e-con e-child\" data-id=\"5debac91\" data-element_type=\"container\" data-e-type=\"container\" data-settings=\"{&quot;_ha_eqh_enable&quot;:&quot;yes&quot;,&quot;_ha_eqh_to&quot;:&quot;widget&quot;,&quot;_ha_eqh_disable_on_tablet&quot;:&quot;no&quot;,&quot;_ha_eqh_disable_on_mobile&quot;:&quot;yes&quot;}\">\n\t\t\t\t\t<div class=\"e-con-inner\">\n\t\t<div class=\"elementor-element elementor-element-437f3683 e-con-full e-flex elementor-invisible e-con e-child\" data-id=\"437f3683\" data-element_type=\"container\" data-e-type=\"container\" data-settings=\"{&quot;animation&quot;:&quot;fadeInRight&quot;,&quot;_ha_eqh_enable&quot;:false}\">\n\t\t\t\t<div class=\"elementor-element elementor-element-7ea441a elementor-widget elementor-widget-text-editor\" data-id=\"7ea441a\" data-element_type=\"widget\" data-e-type=\"widget\" data-widget_type=\"text-editor.default\">\n\t\t\t\t<div class=\"elementor-widget-container\">\n\t\t\t\t\t\t\t\t\t<p>GDPR sta per General Data Protection Regulation (Regolamento Generale sulla Protezione dei Dati) ed \u00e8 un nuovo regolamento sulla protezione dei dati dell&#8217;UE che diventer\u00e0 legge in tutti gli Stati membri dell&#8217;UE a partire dal 25 maggio 2018. Il GDPR mira a rafforzare i diritti degli individui su come aziende, autorit\u00e0 e organizzazioni possono raccogliere e utilizzare i loro dati personali. All&#8217;interno di ciascuno Stato membro dell&#8217;UE, esiste un&#8217;autorit\u00e0 di controllo che si occuper\u00e0 di questo. In Svezia, questa autorit\u00e0 si chiama Autorit\u00e0 Svedese per la Protezione della Privacy (in precedenza, Autorit\u00e0 per la Protezione dei Dati). Maggiori informazioni e assistenza che potete utilizzare per scoprire cosa dovete fare sono disponibili sul loro sito web.    <span style=\"color: #274b71;\"><a style=\"color: #274b71;\" href=\"https:\/\/www.imy.se\/\">Autorit\u00e0 Svedese per la Protezione della Privacy<\/a><\/span><br><br><strong>\n  <span style=\"color: #37a6e8;\">Trattamento dei dati personali<\/span>\n<\/strong> <br>Il GDPR riguarda principalmente la protezione dei dati personali,<span style=\"color: #274b71;\"><a style=\"color: #274b71;\" href=\"https:\/\/eur-lex.europa.eu\/legal-content\/SV\/TXT\/?uri=celex%3A32016R0679\">e nell&#8217;Articolo 4 del Regolamento sulla Protezione<\/a><\/span> dei Dati ci sono le seguenti importanti definizioni per &#8220;dati personali&#8221; e &#8220;trattamento&#8221;:<br><strong>dati personali:<\/strong> qualsiasi informazione riguardante una persona fisica identificata o identificabile (\u00abinteressato\u00bb); si considera identificabile la persona fisica che pu\u00f2 essere identificata, direttamente o indirettamente, con particolare riferimento a un identificativo come il nome, un numero di identificazione, dati relativi all&#8217;ubicazione, un identificativo online o a uno o pi\u00f9 elementi caratteristici della sua identit\u00e0 fisica, fisiologica, genetica, psichica, economica, culturale o sociale.<br><strong>trattamento: qualsiasi operazione o insieme di operazioni, compiute con o senza l&#8217;ausilio di processi automatizzati e applicate a dati personali o insiemi di dati personali, come la raccolta, la registrazione, l&#8217;organizzazione, la strutturazione, la conservazione, l&#8217;adattamento o la modifica, l&#8217;estrazione, la consultazione, l&#8217;uso, la comunicazione mediante trasmissione, diffusione o qualsiasi altra forma di messa a disposizione, il raffronto o l&#8217;interconnessione, la limitazione, la cancellazione o la distruzione.<\/strong><br><br><strong>\n  <span style=\"color: #37a6e8;\">Titolare del trattamento e responsabile del trattamento<\/span>\n<\/strong> <br>Il titolare del trattamento \u00e8 la persona fisica o giuridica, l&#8217;autorit\u00e0 pubblica, l&#8217;agenzia o altro organismo che, singolarmente o insieme ad altri, determina le finalit\u00e0 e i mezzi del trattamento di dati personali. Un responsabile del trattamento \u00e8 la persona fisica o giuridica, l&#8217;autorit\u00e0 pubblica, l&#8217;agenzia o altro organismo che tratta dati personali per conto del titolare del trattamento.<br><br><span style=\"color: #37a6e8;\">\n  <strong>Titolare e responsabile per i dati in Organizer<\/strong>\n<\/span> <br>Tu, in qualit\u00e0 di cliente, sei il titolare del trattamento per tutti i trattamenti di dati personali in Organizer. Organizer i Sverige AB \u00e8 il responsabile del trattamento e adotta misure di sicurezza tecniche e organizzative per garantire che tu ti senta sicuro che i tuoi dati personali raccolti saranno trattati in modo sicuro e in conformit\u00e0 con la legge. Le misure tecniche e organizzative di Organizer i Sverige AB sono descritte in <span style=\"color: #274b71;\"><a style=\"color: #274b71;\" href=\"https:\/\/seventime.se\/integritet-sakerhet\/sakerhet\/\">Sicurezza.<\/a><\/span>.   <br><br><strong>\n  <span style=\"color: #37a6e8;\">Organizer i Sverige AB som personuppgiftsansvarig<\/span>\n<\/strong><br>All behandling av personuppgifter om dig som kund eller anv\u00e4ndare \u00e4r vi personuppgiftsansvariga \u00f6ver d\u00e5 du best\u00e4ller Organizer eller kontaktar oss. Vad vi g\u00f6r med dina personuppgifter har vi beskrivit i v\u00e5r <span style=\"color: #274b71;\"><a style=\"color: #274b71;\" href=\"https:\/\/seventime.se\/integritet-sakerhet\/integritetspolicy\">Integritetspolicy<\/a>.<\/span> <br><br><strong>\n  <span style=\"color: #37a6e8;\">Basi giuridiche Presso<\/span>\n<\/strong> <br><span style=\"color: #274b71;\"><a style=\"color: #274b71;\" href=\"https:\/\/www.imy.se\/\">l&#8217;Autorit\u00e0 Svedese <\/a><\/span>per la Protezione della Privacy, puoi leggere le basi giuridiche che si applicano al trattamento dei dati personali: Per essere autorizzati a trattare i dati personali, deve esserci sempre una base nel Regolamento sulla Protezione dei Dati, una cosiddetta base giuridica. Una di queste basi giuridiche \u00e8 il consenso dell&#8217;interessato. Altre basi giuridiche sono se il trattamento dei dati personali \u00e8 necessario per adempiere a un contratto con l&#8217;interessato, adempiere a un obbligo legale, proteggere gli interessi fondamentali dell&#8217;interessato, eseguire un compito di interesse pubblico, per l&#8217;esercizio di pubblici poteri, e dopo un bilanciamento degli interessi.  <br><br><strong>\n  <span style=\"color: #37a6e8;\">Base giuridica per i dati nei servizi di Organizer i Sverige AB<\/span>\n<\/strong><br>Tu in qualit\u00e0 di titolare del trattamento devi scoprire e documentare le basi giuridiche che esistono per il trattamento dei dati personali nei servizi di Organizer i Sverige AB. Ci\u00f2 pu\u00f2 variare da caso a caso a seconda dell&#8217;attivit\u00e0, delle leggi che devi seguire e se raccogli dati che sono richiesti o che potrebbero essere utili da avere. <\/p><p> <\/p>\t\t\t\t\t\t\t\t<\/div>\n\t\t\t\t<\/div>\n\t\t\t\t<\/div>\n\t\t\t\t\t<\/div>\n\t\t\t\t<\/div>\n\t\t\t\t<\/div>\n\t\t\t\t<\/div>\n\t\t","protected":false},"excerpt":{"rendered":"<p>GDPR sta per General Data Protection Regulation (Regolamento Generale sulla Protezione dei Dati) ed \u00e8 un nuovo regolamento sulla protezione dei dati dell&#8217;UE che diventer\u00e0 legge in tutti gli Stati membri dell&#8217;UE a partire dal 25 maggio 2018. Il GDPR mira a rafforzare i diritti degli individui su come aziende, autorit\u00e0 e organizzazioni possono raccogliere [&hellip;]<\/p>\n","protected":false},"author":2,"featured_media":4423,"parent":0,"menu_order":0,"comment_status":"closed","ping_status":"closed","template":"","meta":{"footnotes":""},"class_list":["post-4484","page","type-page","status-publish","has-post-thumbnail","hentry"],"yoast_head":"<!-- This site is optimized with the Yoast SEO plugin v27.4 - https:\/\/yoast.com\/product\/yoast-seo-wordpress\/ -->\n<title>GDPR - Organizer Projektsystem<\/title>\n<meta name=\"robots\" content=\"index, nofollow, max-snippet:-1, max-image-preview:large, max-video-preview:-1\" \/>\n<link rel=\"canonical\" href=\"https:\/\/organizer.se\/it\/gdpr\/\" \/>\n<meta property=\"og:locale\" content=\"it_IT\" \/>\n<meta property=\"og:type\" content=\"article\" \/>\n<meta property=\"og:title\" content=\"GDPR - Organizer Projektsystem\" \/>\n<meta property=\"og:description\" content=\"GDPR sta per General Data Protection Regulation (Regolamento Generale sulla Protezione dei Dati) ed \u00e8 un nuovo regolamento sulla protezione dei dati dell&#8217;UE che diventer\u00e0 legge in tutti gli Stati membri dell&#8217;UE a partire dal 25 maggio 2018. Il GDPR mira a rafforzare i diritti degli individui su come aziende, autorit\u00e0 e organizzazioni possono raccogliere [&hellip;]\" \/>\n<meta property=\"og:url\" content=\"https:\/\/organizer.se\/it\/gdpr\/\" \/>\n<meta property=\"og:site_name\" content=\"Organizer Projektsystem\" \/>\n<meta property=\"article:modified_time\" content=\"2025-10-02T18:33:06+00:00\" \/>\n<meta property=\"og:image\" content=\"https:\/\/organizer.se\/wp-content\/uploads\/2024\/01\/banner_build_archives.png\" \/>\n\t<meta property=\"og:image:width\" content=\"869\" \/>\n\t<meta property=\"og:image:height\" content=\"678\" \/>\n\t<meta property=\"og:image:type\" content=\"image\/png\" \/>\n<meta name=\"twitter:card\" content=\"summary_large_image\" \/>\n<meta name=\"twitter:label1\" content=\"Tempo di lettura stimato\" \/>\n\t<meta name=\"twitter:data1\" content=\"3 minuti\" \/>\n<script type=\"application\/ld+json\" class=\"yoast-schema-graph\">{\"@context\":\"https:\\\/\\\/schema.org\",\"@graph\":[{\"@type\":\"WebPage\",\"@id\":\"https:\\\/\\\/organizer.se\\\/it\\\/gdpr\\\/\",\"url\":\"https:\\\/\\\/organizer.se\\\/it\\\/gdpr\\\/\",\"name\":\"GDPR - Organizer Projektsystem\",\"isPartOf\":{\"@id\":\"https:\\\/\\\/organizer.se\\\/it\\\/#website\"},\"primaryImageOfPage\":{\"@id\":\"https:\\\/\\\/organizer.se\\\/it\\\/gdpr\\\/#primaryimage\"},\"image\":{\"@id\":\"https:\\\/\\\/organizer.se\\\/it\\\/gdpr\\\/#primaryimage\"},\"thumbnailUrl\":\"https:\\\/\\\/organizer.se\\\/wp-content\\\/uploads\\\/2024\\\/01\\\/banner_build_archives.png\",\"datePublished\":\"2024-08-27T16:45:10+00:00\",\"dateModified\":\"2025-10-02T18:33:06+00:00\",\"breadcrumb\":{\"@id\":\"https:\\\/\\\/organizer.se\\\/it\\\/gdpr\\\/#breadcrumb\"},\"inLanguage\":\"it-IT\",\"potentialAction\":[{\"@type\":\"ReadAction\",\"target\":[\"https:\\\/\\\/organizer.se\\\/it\\\/gdpr\\\/\"]}]},{\"@type\":\"ImageObject\",\"inLanguage\":\"it-IT\",\"@id\":\"https:\\\/\\\/organizer.se\\\/it\\\/gdpr\\\/#primaryimage\",\"url\":\"https:\\\/\\\/organizer.se\\\/wp-content\\\/uploads\\\/2024\\\/01\\\/banner_build_archives.png\",\"contentUrl\":\"https:\\\/\\\/organizer.se\\\/wp-content\\\/uploads\\\/2024\\\/01\\\/banner_build_archives.png\",\"width\":869,\"height\":678},{\"@type\":\"BreadcrumbList\",\"@id\":\"https:\\\/\\\/organizer.se\\\/it\\\/gdpr\\\/#breadcrumb\",\"itemListElement\":[{\"@type\":\"ListItem\",\"position\":1,\"name\":\"Home\",\"item\":\"https:\\\/\\\/organizer.se\\\/it\\\/\"},{\"@type\":\"ListItem\",\"position\":2,\"name\":\"GDPR\"}]},{\"@type\":\"WebSite\",\"@id\":\"https:\\\/\\\/organizer.se\\\/it\\\/#website\",\"url\":\"https:\\\/\\\/organizer.se\\\/it\\\/\",\"name\":\"Organizer Projektsystem\",\"description\":\"\",\"publisher\":{\"@id\":\"https:\\\/\\\/organizer.se\\\/it\\\/#organization\"},\"potentialAction\":[{\"@type\":\"SearchAction\",\"target\":{\"@type\":\"EntryPoint\",\"urlTemplate\":\"https:\\\/\\\/organizer.se\\\/it\\\/?s={search_term_string}\"},\"query-input\":{\"@type\":\"PropertyValueSpecification\",\"valueRequired\":true,\"valueName\":\"search_term_string\"}}],\"inLanguage\":\"it-IT\"},{\"@type\":\"Organization\",\"@id\":\"https:\\\/\\\/organizer.se\\\/it\\\/#organization\",\"name\":\"Organizer Projektsystem\",\"url\":\"https:\\\/\\\/organizer.se\\\/it\\\/\",\"logo\":{\"@type\":\"ImageObject\",\"inLanguage\":\"it-IT\",\"@id\":\"https:\\\/\\\/organizer.se\\\/it\\\/#\\\/schema\\\/logo\\\/image\\\/\",\"url\":\"https:\\\/\\\/organizer.se\\\/wp-content\\\/uploads\\\/2023\\\/11\\\/logo.png\",\"contentUrl\":\"https:\\\/\\\/organizer.se\\\/wp-content\\\/uploads\\\/2023\\\/11\\\/logo.png\",\"width\":760,\"height\":157,\"caption\":\"Organizer Projektsystem\"},\"image\":{\"@id\":\"https:\\\/\\\/organizer.se\\\/it\\\/#\\\/schema\\\/logo\\\/image\\\/\"}}]}<\/script>\n<!-- \/ Yoast SEO plugin. -->","yoast_head_json":{"title":"GDPR - Organizer Projektsystem","robots":{"index":"index","follow":"nofollow","max-snippet":"max-snippet:-1","max-image-preview":"max-image-preview:large","max-video-preview":"max-video-preview:-1"},"canonical":"https:\/\/organizer.se\/it\/gdpr\/","og_locale":"it_IT","og_type":"article","og_title":"GDPR - Organizer Projektsystem","og_description":"GDPR sta per General Data Protection Regulation (Regolamento Generale sulla Protezione dei Dati) ed \u00e8 un nuovo regolamento sulla protezione dei dati dell&#8217;UE che diventer\u00e0 legge in tutti gli Stati membri dell&#8217;UE a partire dal 25 maggio 2018. Il GDPR mira a rafforzare i diritti degli individui su come aziende, autorit\u00e0 e organizzazioni possono raccogliere [&hellip;]","og_url":"https:\/\/organizer.se\/it\/gdpr\/","og_site_name":"Organizer Projektsystem","article_modified_time":"2025-10-02T18:33:06+00:00","og_image":[{"width":869,"height":678,"url":"https:\/\/organizer.se\/wp-content\/uploads\/2024\/01\/banner_build_archives.png","type":"image\/png"}],"twitter_card":"summary_large_image","twitter_misc":{"Tempo di lettura stimato":"3 minuti"},"schema":{"@context":"https:\/\/schema.org","@graph":[{"@type":"WebPage","@id":"https:\/\/organizer.se\/it\/gdpr\/","url":"https:\/\/organizer.se\/it\/gdpr\/","name":"GDPR - Organizer Projektsystem","isPartOf":{"@id":"https:\/\/organizer.se\/it\/#website"},"primaryImageOfPage":{"@id":"https:\/\/organizer.se\/it\/gdpr\/#primaryimage"},"image":{"@id":"https:\/\/organizer.se\/it\/gdpr\/#primaryimage"},"thumbnailUrl":"https:\/\/organizer.se\/wp-content\/uploads\/2024\/01\/banner_build_archives.png","datePublished":"2024-08-27T16:45:10+00:00","dateModified":"2025-10-02T18:33:06+00:00","breadcrumb":{"@id":"https:\/\/organizer.se\/it\/gdpr\/#breadcrumb"},"inLanguage":"it-IT","potentialAction":[{"@type":"ReadAction","target":["https:\/\/organizer.se\/it\/gdpr\/"]}]},{"@type":"ImageObject","inLanguage":"it-IT","@id":"https:\/\/organizer.se\/it\/gdpr\/#primaryimage","url":"https:\/\/organizer.se\/wp-content\/uploads\/2024\/01\/banner_build_archives.png","contentUrl":"https:\/\/organizer.se\/wp-content\/uploads\/2024\/01\/banner_build_archives.png","width":869,"height":678},{"@type":"BreadcrumbList","@id":"https:\/\/organizer.se\/it\/gdpr\/#breadcrumb","itemListElement":[{"@type":"ListItem","position":1,"name":"Home","item":"https:\/\/organizer.se\/it\/"},{"@type":"ListItem","position":2,"name":"GDPR"}]},{"@type":"WebSite","@id":"https:\/\/organizer.se\/it\/#website","url":"https:\/\/organizer.se\/it\/","name":"Organizer Projektsystem","description":"","publisher":{"@id":"https:\/\/organizer.se\/it\/#organization"},"potentialAction":[{"@type":"SearchAction","target":{"@type":"EntryPoint","urlTemplate":"https:\/\/organizer.se\/it\/?s={search_term_string}"},"query-input":{"@type":"PropertyValueSpecification","valueRequired":true,"valueName":"search_term_string"}}],"inLanguage":"it-IT"},{"@type":"Organization","@id":"https:\/\/organizer.se\/it\/#organization","name":"Organizer Projektsystem","url":"https:\/\/organizer.se\/it\/","logo":{"@type":"ImageObject","inLanguage":"it-IT","@id":"https:\/\/organizer.se\/it\/#\/schema\/logo\/image\/","url":"https:\/\/organizer.se\/wp-content\/uploads\/2023\/11\/logo.png","contentUrl":"https:\/\/organizer.se\/wp-content\/uploads\/2023\/11\/logo.png","width":760,"height":157,"caption":"Organizer Projektsystem"},"image":{"@id":"https:\/\/organizer.se\/it\/#\/schema\/logo\/image\/"}}]}},"_links":{"self":[{"href":"https:\/\/organizer.se\/it\/wp-json\/wp\/v2\/pages\/4484","targetHints":{"allow":["GET"]}}],"collection":[{"href":"https:\/\/organizer.se\/it\/wp-json\/wp\/v2\/pages"}],"about":[{"href":"https:\/\/organizer.se\/it\/wp-json\/wp\/v2\/types\/page"}],"author":[{"embeddable":true,"href":"https:\/\/organizer.se\/it\/wp-json\/wp\/v2\/users\/2"}],"replies":[{"embeddable":true,"href":"https:\/\/organizer.se\/it\/wp-json\/wp\/v2\/comments?post=4484"}],"version-history":[{"count":1,"href":"https:\/\/organizer.se\/it\/wp-json\/wp\/v2\/pages\/4484\/revisions"}],"predecessor-version":[{"id":4485,"href":"https:\/\/organizer.se\/it\/wp-json\/wp\/v2\/pages\/4484\/revisions\/4485"}],"wp:featuredmedia":[{"embeddable":true,"href":"https:\/\/organizer.se\/it\/wp-json\/wp\/v2\/media\/4423"}],"wp:attachment":[{"href":"https:\/\/organizer.se\/it\/wp-json\/wp\/v2\/media?parent=4484"}],"curies":[{"name":"wp","href":"https:\/\/api.w.org\/{rel}","templated":true}]}}