{"id":4486,"date":"2024-08-27T18:43:15","date_gmt":"2024-08-27T16:43:15","guid":{"rendered":"https:\/\/organizer.se\/gestione-degli-incidenti\/"},"modified":"2025-10-02T20:43:15","modified_gmt":"2025-10-02T18:43:15","slug":"gestione-degli-incidenti","status":"publish","type":"page","link":"https:\/\/organizer.se\/it\/gestione-degli-incidenti\/","title":{"rendered":"Gestione degli Incidenti"},"content":{"rendered":"\t\t<div data-elementor-type=\"wp-page\" data-elementor-id=\"4486\" class=\"elementor elementor-4486 elementor-3878\" data-elementor-settings=\"{&quot;ha_cmc_init_switcher&quot;:&quot;no&quot;}\" data-elementor-post-type=\"page\">\n\t\t\t\t<div class=\"elementor-element elementor-element-62e1300b e-flex e-con-boxed e-con e-parent\" data-id=\"62e1300b\" data-element_type=\"container\" data-e-type=\"container\" data-settings=\"{&quot;background_background&quot;:&quot;gradient&quot;,&quot;_ha_eqh_enable&quot;:false}\">\n\t\t\t\t\t<div class=\"e-con-inner\">\n\t\t<div class=\"elementor-element elementor-element-17778530 e-flex e-con-boxed e-con e-child\" data-id=\"17778530\" data-element_type=\"container\" data-e-type=\"container\" data-settings=\"{&quot;_ha_eqh_enable&quot;:false}\">\n\t\t\t\t\t<div class=\"e-con-inner\">\n\t\t<div class=\"elementor-element elementor-element-4ff43bb0 e-con-full e-flex e-con e-child\" data-id=\"4ff43bb0\" data-element_type=\"container\" data-e-type=\"container\" data-settings=\"{&quot;_ha_eqh_enable&quot;:false}\">\n\t\t\t\t<div class=\"elementor-element elementor-element-15da6922 elementor-widget__width-auto elementor-invisible elementor-widget elementor-widget-ha-page-title happy-addon ha-page-title\" data-id=\"15da6922\" data-element_type=\"widget\" data-e-type=\"widget\" data-settings=\"{&quot;_animation&quot;:&quot;fadeIn&quot;,&quot;_animation_delay&quot;:250}\" data-widget_type=\"ha-page-title.default\">\n\t\t\t\t<div class=\"elementor-widget-container\">\n\t\t\t\t\t<h1 class=\"ha-page-title elementor-size-default\">Gestione degli Incidenti<\/h1>\t\t\t\t<\/div>\n\t\t\t\t<\/div>\n\t\t\t\t<\/div>\n\t\t\t\t\t<\/div>\n\t\t\t\t<\/div>\n\t\t\t\t\t<\/div>\n\t\t\t\t<\/div>\n\t\t<div class=\"elementor-element elementor-element-5605e93d e-con-full e-flex e-con e-parent\" data-id=\"5605e93d\" data-element_type=\"container\" data-e-type=\"container\" data-settings=\"{&quot;_ha_eqh_enable&quot;:false}\">\n\t\t<div class=\"elementor-element elementor-element-5debac91 e-flex e-con-boxed e-con e-child\" data-id=\"5debac91\" data-element_type=\"container\" data-e-type=\"container\" data-settings=\"{&quot;_ha_eqh_enable&quot;:&quot;yes&quot;,&quot;_ha_eqh_to&quot;:&quot;widget&quot;,&quot;_ha_eqh_disable_on_tablet&quot;:&quot;no&quot;,&quot;_ha_eqh_disable_on_mobile&quot;:&quot;yes&quot;}\">\n\t\t\t\t\t<div class=\"e-con-inner\">\n\t\t<div class=\"elementor-element elementor-element-437f3683 e-con-full e-flex elementor-invisible e-con e-child\" data-id=\"437f3683\" data-element_type=\"container\" data-e-type=\"container\" data-settings=\"{&quot;animation&quot;:&quot;fadeInRight&quot;,&quot;_ha_eqh_enable&quot;:false}\">\n\t\t\t\t<div class=\"elementor-element elementor-element-7ea441a elementor-widget elementor-widget-text-editor\" data-id=\"7ea441a\" data-element_type=\"widget\" data-e-type=\"widget\" data-widget_type=\"text-editor.default\">\n\t\t\t\t<div class=\"elementor-widget-container\">\n\t\t\t\t\t\t\t\t\t<p>Se si verifica un incidente legato al software, questo pu\u00f2 portare a una violazione dei dati personali. Un problema in Organizer che genera dati errati o mancanti \u00e8 classificato come un incidente legato al software. Se questi dati contengono informazioni personali, diventa anche una violazione dei dati personali. Una violazione dei dati personali pu\u00f2 verificarsi anche se un incidente di sicurezza porta alla divulgazione o all&#8217;accesso non autorizzato ai dati personali in fase di elaborazione.   <\/p><p><span style=\"color: #37a6e8;\">\n  <strong>Processo di Gestione degli Incidenti<\/strong>\n<\/span><br>Il processo \u00e8 suddiviso nei sotto-processi di identificazione dell&#8217;incidente, analisi delle conseguenze, processo d&#8217;azione, comunicazione e analisi della causa radice (RCA). Durante l&#8217;identificazione dell&#8217;incidente, viene identificato il tipo di incidente in questione. Nel sotto-processo di Analisi delle Conseguenze, viene eseguita un&#8217;analisi sulla misura in cui clienti e utenti sono interessati dall&#8217;incidente e quali saranno le conseguenze. Nel Processo d&#8217;Azione, il problema viene valutato e prioritizzato per garantire un piano d&#8217;azione e l&#8217;implementazione dell&#8217;azione. In caso di violazione dei dati personali, la compilazione di un rapporto \u00e8 un&#8217;attivit\u00e0 in cui utilizziamo il modello dell&#8217;Autorit\u00e0 svedese per la protezione della privacy (Swedish Authority for Privacy Protection) che stabilisce che dobbiamo includere informazioni su: \u2022 Il tipo di incidente in questione \u2022 Quali categorie di persone potrebbero essere interessate \u2022 Quante persone sono interessate \u2022 Le potenziali conseguenze dell&#8217;incidente \u2022 Le misure adottate per contrastare eventuali conseguenze negative. L&#8217;incidente e le azioni intraprese vengono comunicate alle persone interessate. In caso di violazione dei dati personali, la segnalazione all&#8217;Autorit\u00e0 svedese per la protezione della privacy \u00e8 un&#8217;attivit\u00e0 di questo sotto-processo. Dopo che le azioni sono state implementate e gli interessati sono stati informati, viene condotta un&#8217;Analisi della Causa Radice (RCA) con l&#8217;obiettivo di impedire che il problema si ripeta.      <\/p>\t\t\t\t\t\t\t\t<\/div>\n\t\t\t\t<\/div>\n\t\t\t\t<\/div>\n\t\t\t\t\t<\/div>\n\t\t\t\t<\/div>\n\t\t\t\t<\/div>\n\t\t\t\t<\/div>\n\t\t","protected":false},"excerpt":{"rendered":"<p>Se si verifica un incidente legato al software, questo pu\u00f2 portare a una violazione dei dati personali. Un problema in Organizer che genera dati errati o mancanti \u00e8 classificato come un incidente legato al software. Se questi dati contengono informazioni personali, diventa anche una violazione dei dati personali. Una violazione dei dati personali pu\u00f2 verificarsi [&hellip;]<\/p>\n","protected":false},"author":2,"featured_media":4423,"parent":0,"menu_order":0,"comment_status":"closed","ping_status":"closed","template":"","meta":{"footnotes":""},"class_list":["post-4486","page","type-page","status-publish","has-post-thumbnail","hentry"],"yoast_head":"<!-- This site is optimized with the Yoast SEO plugin v27.4 - https:\/\/yoast.com\/product\/yoast-seo-wordpress\/ -->\n<title>Gestione degli Incidenti - Organizer Projektsystem<\/title>\n<meta name=\"robots\" content=\"index, nofollow, max-snippet:-1, max-image-preview:large, max-video-preview:-1\" \/>\n<link rel=\"canonical\" href=\"https:\/\/organizer.se\/it\/gestione-degli-incidenti\/\" \/>\n<meta property=\"og:locale\" content=\"it_IT\" \/>\n<meta property=\"og:type\" content=\"article\" \/>\n<meta property=\"og:title\" content=\"Gestione degli Incidenti - Organizer Projektsystem\" \/>\n<meta property=\"og:description\" content=\"Se si verifica un incidente legato al software, questo pu\u00f2 portare a una violazione dei dati personali. Un problema in Organizer che genera dati errati o mancanti \u00e8 classificato come un incidente legato al software. Se questi dati contengono informazioni personali, diventa anche una violazione dei dati personali. Una violazione dei dati personali pu\u00f2 verificarsi [&hellip;]\" \/>\n<meta property=\"og:url\" content=\"https:\/\/organizer.se\/it\/gestione-degli-incidenti\/\" \/>\n<meta property=\"og:site_name\" content=\"Organizer Projektsystem\" \/>\n<meta property=\"article:modified_time\" content=\"2025-10-02T18:43:15+00:00\" \/>\n<meta property=\"og:image\" content=\"https:\/\/organizer.se\/wp-content\/uploads\/2024\/01\/banner_build_archives.png\" \/>\n\t<meta property=\"og:image:width\" content=\"869\" \/>\n\t<meta property=\"og:image:height\" content=\"678\" \/>\n\t<meta property=\"og:image:type\" content=\"image\/png\" \/>\n<meta name=\"twitter:card\" content=\"summary_large_image\" \/>\n<meta name=\"twitter:label1\" content=\"Tempo di lettura stimato\" \/>\n\t<meta name=\"twitter:data1\" content=\"1 minuto\" \/>\n<script type=\"application\/ld+json\" class=\"yoast-schema-graph\">{\"@context\":\"https:\\\/\\\/schema.org\",\"@graph\":[{\"@type\":\"WebPage\",\"@id\":\"https:\\\/\\\/organizer.se\\\/it\\\/gestione-degli-incidenti\\\/\",\"url\":\"https:\\\/\\\/organizer.se\\\/it\\\/gestione-degli-incidenti\\\/\",\"name\":\"Gestione degli Incidenti - Organizer Projektsystem\",\"isPartOf\":{\"@id\":\"https:\\\/\\\/organizer.se\\\/it\\\/#website\"},\"primaryImageOfPage\":{\"@id\":\"https:\\\/\\\/organizer.se\\\/it\\\/gestione-degli-incidenti\\\/#primaryimage\"},\"image\":{\"@id\":\"https:\\\/\\\/organizer.se\\\/it\\\/gestione-degli-incidenti\\\/#primaryimage\"},\"thumbnailUrl\":\"https:\\\/\\\/organizer.se\\\/wp-content\\\/uploads\\\/2024\\\/01\\\/banner_build_archives.png\",\"datePublished\":\"2024-08-27T16:43:15+00:00\",\"dateModified\":\"2025-10-02T18:43:15+00:00\",\"breadcrumb\":{\"@id\":\"https:\\\/\\\/organizer.se\\\/it\\\/gestione-degli-incidenti\\\/#breadcrumb\"},\"inLanguage\":\"it-IT\",\"potentialAction\":[{\"@type\":\"ReadAction\",\"target\":[\"https:\\\/\\\/organizer.se\\\/it\\\/gestione-degli-incidenti\\\/\"]}]},{\"@type\":\"ImageObject\",\"inLanguage\":\"it-IT\",\"@id\":\"https:\\\/\\\/organizer.se\\\/it\\\/gestione-degli-incidenti\\\/#primaryimage\",\"url\":\"https:\\\/\\\/organizer.se\\\/wp-content\\\/uploads\\\/2024\\\/01\\\/banner_build_archives.png\",\"contentUrl\":\"https:\\\/\\\/organizer.se\\\/wp-content\\\/uploads\\\/2024\\\/01\\\/banner_build_archives.png\",\"width\":869,\"height\":678},{\"@type\":\"BreadcrumbList\",\"@id\":\"https:\\\/\\\/organizer.se\\\/it\\\/gestione-degli-incidenti\\\/#breadcrumb\",\"itemListElement\":[{\"@type\":\"ListItem\",\"position\":1,\"name\":\"Home\",\"item\":\"https:\\\/\\\/organizer.se\\\/it\\\/\"},{\"@type\":\"ListItem\",\"position\":2,\"name\":\"Gestione degli Incidenti\"}]},{\"@type\":\"WebSite\",\"@id\":\"https:\\\/\\\/organizer.se\\\/it\\\/#website\",\"url\":\"https:\\\/\\\/organizer.se\\\/it\\\/\",\"name\":\"Organizer Projektsystem\",\"description\":\"\",\"publisher\":{\"@id\":\"https:\\\/\\\/organizer.se\\\/it\\\/#organization\"},\"potentialAction\":[{\"@type\":\"SearchAction\",\"target\":{\"@type\":\"EntryPoint\",\"urlTemplate\":\"https:\\\/\\\/organizer.se\\\/it\\\/?s={search_term_string}\"},\"query-input\":{\"@type\":\"PropertyValueSpecification\",\"valueRequired\":true,\"valueName\":\"search_term_string\"}}],\"inLanguage\":\"it-IT\"},{\"@type\":\"Organization\",\"@id\":\"https:\\\/\\\/organizer.se\\\/it\\\/#organization\",\"name\":\"Organizer Projektsystem\",\"url\":\"https:\\\/\\\/organizer.se\\\/it\\\/\",\"logo\":{\"@type\":\"ImageObject\",\"inLanguage\":\"it-IT\",\"@id\":\"https:\\\/\\\/organizer.se\\\/it\\\/#\\\/schema\\\/logo\\\/image\\\/\",\"url\":\"https:\\\/\\\/organizer.se\\\/wp-content\\\/uploads\\\/2023\\\/11\\\/logo.png\",\"contentUrl\":\"https:\\\/\\\/organizer.se\\\/wp-content\\\/uploads\\\/2023\\\/11\\\/logo.png\",\"width\":760,\"height\":157,\"caption\":\"Organizer Projektsystem\"},\"image\":{\"@id\":\"https:\\\/\\\/organizer.se\\\/it\\\/#\\\/schema\\\/logo\\\/image\\\/\"}}]}<\/script>\n<!-- \/ Yoast SEO plugin. -->","yoast_head_json":{"title":"Gestione degli Incidenti - Organizer Projektsystem","robots":{"index":"index","follow":"nofollow","max-snippet":"max-snippet:-1","max-image-preview":"max-image-preview:large","max-video-preview":"max-video-preview:-1"},"canonical":"https:\/\/organizer.se\/it\/gestione-degli-incidenti\/","og_locale":"it_IT","og_type":"article","og_title":"Gestione degli Incidenti - Organizer Projektsystem","og_description":"Se si verifica un incidente legato al software, questo pu\u00f2 portare a una violazione dei dati personali. Un problema in Organizer che genera dati errati o mancanti \u00e8 classificato come un incidente legato al software. Se questi dati contengono informazioni personali, diventa anche una violazione dei dati personali. Una violazione dei dati personali pu\u00f2 verificarsi [&hellip;]","og_url":"https:\/\/organizer.se\/it\/gestione-degli-incidenti\/","og_site_name":"Organizer Projektsystem","article_modified_time":"2025-10-02T18:43:15+00:00","og_image":[{"width":869,"height":678,"url":"https:\/\/organizer.se\/wp-content\/uploads\/2024\/01\/banner_build_archives.png","type":"image\/png"}],"twitter_card":"summary_large_image","twitter_misc":{"Tempo di lettura stimato":"1 minuto"},"schema":{"@context":"https:\/\/schema.org","@graph":[{"@type":"WebPage","@id":"https:\/\/organizer.se\/it\/gestione-degli-incidenti\/","url":"https:\/\/organizer.se\/it\/gestione-degli-incidenti\/","name":"Gestione degli Incidenti - Organizer Projektsystem","isPartOf":{"@id":"https:\/\/organizer.se\/it\/#website"},"primaryImageOfPage":{"@id":"https:\/\/organizer.se\/it\/gestione-degli-incidenti\/#primaryimage"},"image":{"@id":"https:\/\/organizer.se\/it\/gestione-degli-incidenti\/#primaryimage"},"thumbnailUrl":"https:\/\/organizer.se\/wp-content\/uploads\/2024\/01\/banner_build_archives.png","datePublished":"2024-08-27T16:43:15+00:00","dateModified":"2025-10-02T18:43:15+00:00","breadcrumb":{"@id":"https:\/\/organizer.se\/it\/gestione-degli-incidenti\/#breadcrumb"},"inLanguage":"it-IT","potentialAction":[{"@type":"ReadAction","target":["https:\/\/organizer.se\/it\/gestione-degli-incidenti\/"]}]},{"@type":"ImageObject","inLanguage":"it-IT","@id":"https:\/\/organizer.se\/it\/gestione-degli-incidenti\/#primaryimage","url":"https:\/\/organizer.se\/wp-content\/uploads\/2024\/01\/banner_build_archives.png","contentUrl":"https:\/\/organizer.se\/wp-content\/uploads\/2024\/01\/banner_build_archives.png","width":869,"height":678},{"@type":"BreadcrumbList","@id":"https:\/\/organizer.se\/it\/gestione-degli-incidenti\/#breadcrumb","itemListElement":[{"@type":"ListItem","position":1,"name":"Home","item":"https:\/\/organizer.se\/it\/"},{"@type":"ListItem","position":2,"name":"Gestione degli Incidenti"}]},{"@type":"WebSite","@id":"https:\/\/organizer.se\/it\/#website","url":"https:\/\/organizer.se\/it\/","name":"Organizer Projektsystem","description":"","publisher":{"@id":"https:\/\/organizer.se\/it\/#organization"},"potentialAction":[{"@type":"SearchAction","target":{"@type":"EntryPoint","urlTemplate":"https:\/\/organizer.se\/it\/?s={search_term_string}"},"query-input":{"@type":"PropertyValueSpecification","valueRequired":true,"valueName":"search_term_string"}}],"inLanguage":"it-IT"},{"@type":"Organization","@id":"https:\/\/organizer.se\/it\/#organization","name":"Organizer Projektsystem","url":"https:\/\/organizer.se\/it\/","logo":{"@type":"ImageObject","inLanguage":"it-IT","@id":"https:\/\/organizer.se\/it\/#\/schema\/logo\/image\/","url":"https:\/\/organizer.se\/wp-content\/uploads\/2023\/11\/logo.png","contentUrl":"https:\/\/organizer.se\/wp-content\/uploads\/2023\/11\/logo.png","width":760,"height":157,"caption":"Organizer Projektsystem"},"image":{"@id":"https:\/\/organizer.se\/it\/#\/schema\/logo\/image\/"}}]}},"_links":{"self":[{"href":"https:\/\/organizer.se\/it\/wp-json\/wp\/v2\/pages\/4486","targetHints":{"allow":["GET"]}}],"collection":[{"href":"https:\/\/organizer.se\/it\/wp-json\/wp\/v2\/pages"}],"about":[{"href":"https:\/\/organizer.se\/it\/wp-json\/wp\/v2\/types\/page"}],"author":[{"embeddable":true,"href":"https:\/\/organizer.se\/it\/wp-json\/wp\/v2\/users\/2"}],"replies":[{"embeddable":true,"href":"https:\/\/organizer.se\/it\/wp-json\/wp\/v2\/comments?post=4486"}],"version-history":[{"count":1,"href":"https:\/\/organizer.se\/it\/wp-json\/wp\/v2\/pages\/4486\/revisions"}],"predecessor-version":[{"id":4487,"href":"https:\/\/organizer.se\/it\/wp-json\/wp\/v2\/pages\/4486\/revisions\/4487"}],"wp:featuredmedia":[{"embeddable":true,"href":"https:\/\/organizer.se\/it\/wp-json\/wp\/v2\/media\/4423"}],"wp:attachment":[{"href":"https:\/\/organizer.se\/it\/wp-json\/wp\/v2\/media?parent=4486"}],"curies":[{"name":"wp","href":"https:\/\/api.w.org\/{rel}","templated":true}]}}